{"id":11,"date":"2024-02-20T22:11:47","date_gmt":"2024-02-21T01:11:47","guid":{"rendered":"https:\/\/ene.com.ar\/?page_id=11"},"modified":"2025-05-12T17:03:51","modified_gmt":"2025-05-12T20:03:51","slug":"quienes-somos","status":"publish","type":"page","link":"https:\/\/ene.com.ar\/index.php\/quienes-somos\/","title":{"rendered":"Quienes somos"},"content":{"rendered":"\t\t<div data-elementor-type=\"wp-page\" data-elementor-id=\"11\" class=\"elementor elementor-11\">\n\t\t\t\t<div class=\"elementor-element elementor-element-1d3ecce e-flex e-con-boxed sc_inner_width_none sc_layouts_column_icons_position_left e-con e-parent\" data-id=\"1d3ecce\" data-element_type=\"container\" data-e-type=\"container\">\n\t\t\t\t\t<div class=\"e-con-inner\">\n\t\t<div class=\"elementor-element elementor-element-cad95f3 e-con-full e-flex sc_inner_width_none sc_layouts_column_icons_position_left e-con e-child\" data-id=\"cad95f3\" data-element_type=\"container\" data-e-type=\"container\">\n\t\t\t\t<div class=\"elementor-element elementor-element-f8c07b7 animation_type_block sc_fly_static elementor-invisible elementor-widget elementor-widget-heading\" data-id=\"f8c07b7\" data-element_type=\"widget\" data-e-type=\"widget\" data-settings=\"{&quot;_animation&quot;:&quot;medeus-fadeinup&quot;}\" data-widget_type=\"heading.default\">\n\t\t\t\t<div class=\"elementor-widget-container\">\n\t\t\t\t\t<h4 class=\"elementor-heading-title elementor-size-default\">Nos especializamos en autismo y utilizamos el An\u00e1lisis Aplicado de la Conducta como nuestra herramienta principal.<\/h4>\t\t\t\t<\/div>\n\t\t\t\t<\/div>\n\t\t\t\t<div class=\"elementor-element elementor-element-39128ec animation_type_block sc_fly_static elementor-invisible elementor-widget elementor-widget-trx_sc_title\" data-id=\"39128ec\" data-element_type=\"widget\" data-e-type=\"widget\" data-settings=\"{&quot;_animation&quot;:&quot;medeus-fadeinup&quot;,&quot;_animation_delay&quot;:70}\" data-widget_type=\"trx_sc_title.default\">\n\t\t\t\t<div class=\"elementor-widget-container\">\n\t\t\t\t\t<div\t\tclass=\"sc_title sc_title_accent\" ><div class=\"sc_item_descr sc_title_descr\"><p>Nuestra formaci\u00f3n incluye un posgrado realizado en la prestigiosa Fundaci\u00f3n Lovaas de Espa\u00f1a, lo que nos ha brindado un profundo conocimiento y experiencia en este campo.<\/p>\n<\/div><\/div>\t\t\t\t<\/div>\n\t\t\t\t<\/div>\n\t\t\t\t<div class=\"elementor-element elementor-element-850f6f8 animation_type_block sc_fly_static elementor-invisible elementor-widget elementor-widget-trx_sc_title\" data-id=\"850f6f8\" data-element_type=\"widget\" data-e-type=\"widget\" data-settings=\"{&quot;_animation&quot;:&quot;medeus-fadeinup&quot;,&quot;_animation_delay&quot;:70}\" data-widget_type=\"trx_sc_title.default\">\n\t\t\t\t<div class=\"elementor-widget-container\">\n\t\t\t\t\t<div\t\tclass=\"sc_title sc_title_accent\" ><div class=\"sc_item_descr sc_title_descr\"><p>En\u00a0 Equipo ENE, no solo realizamos evaluaciones exhaustivas que son fundamentales para el diagn\u00f3stico, sino que tambi\u00e9n proporcionamos un apoyo integral a las familias. Nos comprometemos a orientar y brindar todos los recursos necesarios para que el ni\u00f1o pueda desenvolverse en un entorno \u00f3ptimo para su desarrollo.<\/p>\n<\/div><\/div>\t\t\t\t<\/div>\n\t\t\t\t<\/div>\n\t\t\t\t<\/div>\n\t\t<div class=\"e-con-gap-no elementor-element elementor-element-19e2f3b e-con-full e-flex sc_inner_width_none sc_layouts_column_icons_position_left animation_type_block elementor-invisible e-con e-child\" data-id=\"19e2f3b\" data-element_type=\"container\" data-e-type=\"container\" data-settings=\"{&quot;background_background&quot;:&quot;slideshow&quot;,&quot;background_slideshow_gallery&quot;:[{&quot;id&quot;:1035,&quot;url&quot;:&quot;https:\\\/\\\/ene.com.ar\\\/wp-content\\\/uploads\\\/2024\\\/02\\\/fono3.webp&quot;},{&quot;id&quot;:1167,&quot;url&quot;:&quot;https:\\\/\\\/ene.com.ar\\\/wp-content\\\/uploads\\\/2024\\\/02\\\/OT6.jpg&quot;},{&quot;id&quot;:1192,&quot;url&quot;:&quot;https:\\\/\\\/ene.com.ar\\\/wp-content\\\/uploads\\\/2024\\\/02\\\/OT3-1.jpg&quot;},{&quot;id&quot;:1165,&quot;url&quot;:&quot;https:\\\/\\\/ene.com.ar\\\/wp-content\\\/uploads\\\/2024\\\/02\\\/OT4.jpg&quot;},{&quot;id&quot;:1115,&quot;url&quot;:&quot;https:\\\/\\\/ene.com.ar\\\/wp-content\\\/uploads\\\/2024\\\/02\\\/peda0.webp&quot;}],&quot;animation&quot;:&quot;medeus-fadeinup&quot;,&quot;background_slideshow_slide_transition&quot;:&quot;slide_up&quot;,&quot;background_slideshow_loop&quot;:&quot;yes&quot;,&quot;background_slideshow_slide_duration&quot;:5000,&quot;background_slideshow_transition_duration&quot;:500}\">\n\t\t\t\t<\/div>\n\t\t\t\t\t<\/div>\n\t\t\t\t<\/div>\n\t\t<div class=\"elementor-element elementor-element-8c866ba animation_type_sequental e-flex e-con-boxed sc_inner_width_none sc_layouts_column_icons_position_left elementor-invisible e-con e-parent\" data-id=\"8c866ba\" data-element_type=\"container\" data-e-type=\"container\" data-settings=\"{&quot;animation&quot;:&quot;medeus-fadeinup&quot;,&quot;animation_delay&quot;:140}\">\n\t\t\t\t\t<div class=\"e-con-inner\">\n\t\t\t\t<div class=\"elementor-element elementor-element-fe8b508 sc_fly_static elementor-widget elementor-widget-text-editor\" data-id=\"fe8b508\" data-element_type=\"widget\" data-e-type=\"widget\" data-widget_type=\"text-editor.default\">\n\t\t\t\t<div class=\"elementor-widget-container\">\n\t\t\t\t\t\t\t\t\t<p>Lo que nos distingue es nuestra dedicaci\u00f3n, compromiso y empat\u00eda. Nos esforzamos por establecer un v\u00ednculo de confianza y seguridad con cada familia, as\u00ed como con todos los profesionales involucrados en la vida del paciente. Creemos en trabajar en colaboraci\u00f3n para lograr los mejores resultados para cada ni\u00f1o.<\/p><p>En Equipo ENE, estamos aqu\u00ed para apoyar y acompa\u00f1ar a las familias en cada paso del camino hacia el desarrollo y el bienestar de sus hijos.<\/p><p>Estamos en Av. Callao 157, ubicado estrat\u00e9gicamente en CABA, con una ubicaci\u00f3n conveniente que facilita el acceso desde cualquier punto del \u00c1rea Metropolitana de Buenos Aires (AMBA).<\/p><p>\u00a1Gracias por confiar en nosotros!<\/p>\t\t\t\t\t\t\t\t<\/div>\n\t\t\t\t<\/div>\n\t\t\t\t\t<\/div>\n\t\t\t\t<\/div>\n\t\t\t\t<\/div>\n\t\t","protected":false},"excerpt":{"rendered":"<p>Nos especializamos en autismo y utilizamos el An\u00e1lisis Aplicado de la Conducta como nuestra herramienta principal. Nuestra formaci\u00f3n incluye un posgrado realizado en la prestigiosa Fundaci\u00f3n Lovaas de Espa\u00f1a, lo&hellip;<\/p>\n","protected":false},"author":1,"featured_media":0,"parent":0,"menu_order":0,"comment_status":"closed","ping_status":"closed","template":"","meta":{"_joinchat":[],"footnotes":""},"class_list":["post-11","page","type-page","status-publish","hentry"],"_links":{"self":[{"href":"https:\/\/ene.com.ar\/index.php\/wp-json\/wp\/v2\/pages\/11","targetHints":{"allow":["GET"]}}],"collection":[{"href":"https:\/\/ene.com.ar\/index.php\/wp-json\/wp\/v2\/pages"}],"about":[{"href":"https:\/\/ene.com.ar\/index.php\/wp-json\/wp\/v2\/types\/page"}],"author":[{"embeddable":true,"href":"https:\/\/ene.com.ar\/index.php\/wp-json\/wp\/v2\/users\/1"}],"replies":[{"embeddable":true,"href":"https:\/\/ene.com.ar\/index.php\/wp-json\/wp\/v2\/comments?post=11"}],"version-history":[{"count":91,"href":"https:\/\/ene.com.ar\/index.php\/wp-json\/wp\/v2\/pages\/11\/revisions"}],"predecessor-version":[{"id":2160,"href":"https:\/\/ene.com.ar\/index.php\/wp-json\/wp\/v2\/pages\/11\/revisions\/2160"}],"wp:attachment":[{"href":"https:\/\/ene.com.ar\/index.php\/wp-json\/wp\/v2\/media?parent=11"}],"curies":[{"name":"wp","href":"https:\/\/api.w.org\/{rel}","templated":true}]}}