{"id":1226,"date":"2024-02-28T15:54:32","date_gmt":"2024-02-28T18:54:32","guid":{"rendered":"https:\/\/ene.com.ar\/?page_id=1226"},"modified":"2024-03-08T20:10:23","modified_gmt":"2024-03-08T23:10:23","slug":"estimulacion-temprana","status":"publish","type":"page","link":"https:\/\/ene.com.ar\/index.php\/terapias\/estimulacion-temprana\/","title":{"rendered":"ESTIMULACION TEMPRANA"},"content":{"rendered":"\t\t<div data-elementor-type=\"wp-page\" data-elementor-id=\"1226\" class=\"elementor elementor-1226\">\n\t\t\t\t<div class=\"elementor-element elementor-element-59bb565 e-flex e-con-boxed sc_inner_width_none sc_layouts_column_icons_position_left e-con e-parent\" data-id=\"59bb565\" data-element_type=\"container\" data-e-type=\"container\">\n\t\t\t\t\t<div class=\"e-con-inner\">\n\t\t<div class=\"elementor-element elementor-element-e1f4c60 e-con-full e-flex sc_inner_width_none sc_layouts_column_icons_position_left e-con e-child\" data-id=\"e1f4c60\" data-element_type=\"container\" data-e-type=\"container\">\n\t\t\t\t<div class=\"elementor-element elementor-element-9bc8af6 animation_type_block sc_fly_static elementor-invisible elementor-widget elementor-widget-image\" data-id=\"9bc8af6\" data-element_type=\"widget\" data-e-type=\"widget\" data-settings=\"{&quot;_animation&quot;:&quot;medeus-fadeinup&quot;}\" data-widget_type=\"image.default\">\n\t\t\t\t<div class=\"elementor-widget-container\">\n\t\t\t\t\t\t\t\t\t\t\t\t\t\t\t<img fetchpriority=\"high\" decoding=\"async\" width=\"1024\" height=\"888\" src=\"https:\/\/ene.com.ar\/wp-content\/uploads\/2024\/02\/OT6-1-1024x888.jpg\" class=\"attachment-large size-large wp-image-1195\" alt=\"\" srcset=\"https:\/\/ene.com.ar\/wp-content\/uploads\/2024\/02\/OT6-1-1024x888.jpg 1024w, https:\/\/ene.com.ar\/wp-content\/uploads\/2024\/02\/OT6-1-300x260.jpg 300w, https:\/\/ene.com.ar\/wp-content\/uploads\/2024\/02\/OT6-1-768x666.jpg 768w, https:\/\/ene.com.ar\/wp-content\/uploads\/2024\/02\/OT6-1-370x321.jpg 370w, https:\/\/ene.com.ar\/wp-content\/uploads\/2024\/02\/OT6-1-840x728.jpg 840w, https:\/\/ene.com.ar\/wp-content\/uploads\/2024\/02\/OT6-1-410x356.jpg 410w, https:\/\/ene.com.ar\/wp-content\/uploads\/2024\/02\/OT6-1-600x520.jpg 600w, https:\/\/ene.com.ar\/wp-content\/uploads\/2024\/02\/OT6-1.jpg 1190w\" sizes=\"(max-width: 1024px) 100vw, 1024px\" \/>\t\t\t\t\t\t\t\t\t\t\t\t\t\t\t<\/div>\n\t\t\t\t<\/div>\n\t\t\t\t<\/div>\n\t\t<div class=\"elementor-element elementor-element-b9fd131 e-con-full e-flex sc_inner_width_none sc_layouts_column_icons_position_left e-con e-child\" data-id=\"b9fd131\" data-element_type=\"container\" data-e-type=\"container\">\n\t\t\t\t<div class=\"elementor-element elementor-element-ccbeebd animation_type_block sc_fly_static elementor-invisible elementor-widget elementor-widget-trx_sc_icons\" data-id=\"ccbeebd\" data-element_type=\"widget\" data-e-type=\"widget\" data-settings=\"{&quot;_animation&quot;:&quot;medeus-fadeinup&quot;,&quot;_animation_delay&quot;:70}\" data-widget_type=\"trx_sc_icons.default\">\n\t\t\t\t<div class=\"elementor-widget-container\">\n\t\t\t\t\t<div \tclass=\"sc_icons sc_icons_hover2 sc_icons_size_large sc_align_left\" ><div class=\"sc_icons_item with_more\"><div class=\"sc_icons_icon sc_icon_type_ icon-011-heart-1\" style=\"color: var(--e-global-color-accent)\" ><span class=\"sc_icon_type_ icon-011-heart-1\" style=\"color: var(--e-global-color-accent)\"><\/span><\/div><div class=\"sc_icons_item_details\"><h4 class=\"sc_icons_item_title\" style=\"color:#0A1A3B;\"><span>ESTIMULACION TEMPRANA<\/span><\/h4><div class=\"sc_icons_item_description\" style=\"color:var(--e-global-color-secondary);\"><span>La estimulaci\u00f3n temprana en el neurodesarrollo infantil se refiere a un conjunto de actividades dise\u00f1adas para promover el desarrollo cognitivo, f\u00edsico, emocional y social de los ni\u00f1os desde el nacimiento hasta los primeros a\u00f1os de vida. <\/span><\/div><\/div><\/div><\/div><!-- \/.sc_icons -->\t\t\t\t<\/div>\n\t\t\t\t<\/div>\n\t\t\t\t<\/div>\n\t\t\t\t\t<\/div>\n\t\t\t\t<\/div>\n\t\t<div class=\"elementor-element elementor-element-21feea4 e-flex e-con-boxed sc_inner_width_none sc_layouts_column_icons_position_left e-con e-parent\" data-id=\"21feea4\" data-element_type=\"container\" data-e-type=\"container\">\n\t\t\t\t\t<div class=\"e-con-inner\">\n\t\t<div class=\"elementor-element elementor-element-1c1d0d0 e-con-full e-flex sc_inner_width_none sc_layouts_column_icons_position_left e-con e-child\" data-id=\"1c1d0d0\" data-element_type=\"container\" data-e-type=\"container\">\n\t\t\t\t<div class=\"elementor-element elementor-element-18a3acb animation_type_block sc_fly_static elementor-invisible elementor-widget elementor-widget-text-editor\" data-id=\"18a3acb\" data-element_type=\"widget\" data-e-type=\"widget\" data-settings=\"{&quot;_animation&quot;:&quot;medeus-fadeinup&quot;,&quot;_animation_delay&quot;:140}\" data-widget_type=\"text-editor.default\">\n\t\t\t\t<div class=\"elementor-widget-container\">\n\t\t\t\t\t\t\t\t\t<p>Esta intervenci\u00f3n temprana se centra en aprovechar la plasticidad cerebral de los ni\u00f1os durante sus primeros a\u00f1os, cuando el cerebro est\u00e1 experimentando un r\u00e1pido crecimiento y desarrollo. Abarca una variedad de t\u00e9cnicas y actividades adaptadas a las diferentes etapas del desarrollo infantil, que incluyen juegos, ejercicios f\u00edsicos, interacciones sociales, y est\u00edmulos sensoriales como la m\u00fasica, el movimiento, el tacto y la vista. Estas actividades est\u00e1n dise\u00f1adas para promover la exploraci\u00f3n, la curiosidad y el aprendizaje activo del ni\u00f1o, brind\u00e1ndole oportunidades para desarrollar habilidades motoras, cognitivas, ling\u00fc\u00edsticas y sociales de manera integral.<\/p>\t\t\t\t\t\t\t\t<\/div>\n\t\t\t\t<\/div>\n\t\t\t\t<div class=\"elementor-element elementor-element-7d20440 animation_type_block sc_fly_static elementor-invisible elementor-widget elementor-widget-image\" data-id=\"7d20440\" data-element_type=\"widget\" data-e-type=\"widget\" data-settings=\"{&quot;_animation&quot;:&quot;medeus-fadeinup&quot;}\" data-widget_type=\"image.default\">\n\t\t\t\t<div class=\"elementor-widget-container\">\n\t\t\t\t\t\t\t\t\t\t\t\t\t\t\t<img decoding=\"async\" width=\"1024\" height=\"1012\" src=\"https:\/\/ene.com.ar\/wp-content\/uploads\/2024\/03\/Captura-de-pantalla-2024-03-08-a-las-20.08.37-1024x1012.png\" class=\"attachment-large size-large wp-image-1684\" alt=\"\" srcset=\"https:\/\/ene.com.ar\/wp-content\/uploads\/2024\/03\/Captura-de-pantalla-2024-03-08-a-las-20.08.37-1024x1012.png 1024w, https:\/\/ene.com.ar\/wp-content\/uploads\/2024\/03\/Captura-de-pantalla-2024-03-08-a-las-20.08.37-300x296.png 300w, https:\/\/ene.com.ar\/wp-content\/uploads\/2024\/03\/Captura-de-pantalla-2024-03-08-a-las-20.08.37-768x759.png 768w, https:\/\/ene.com.ar\/wp-content\/uploads\/2024\/03\/Captura-de-pantalla-2024-03-08-a-las-20.08.37-370x366.png 370w, https:\/\/ene.com.ar\/wp-content\/uploads\/2024\/03\/Captura-de-pantalla-2024-03-08-a-las-20.08.37-120x120.png 120w, https:\/\/ene.com.ar\/wp-content\/uploads\/2024\/03\/Captura-de-pantalla-2024-03-08-a-las-20.08.37-840x830.png 840w, https:\/\/ene.com.ar\/wp-content\/uploads\/2024\/03\/Captura-de-pantalla-2024-03-08-a-las-20.08.37-410x405.png 410w, https:\/\/ene.com.ar\/wp-content\/uploads\/2024\/03\/Captura-de-pantalla-2024-03-08-a-las-20.08.37-600x593.png 600w, https:\/\/ene.com.ar\/wp-content\/uploads\/2024\/03\/Captura-de-pantalla-2024-03-08-a-las-20.08.37.png 1166w\" sizes=\"(max-width: 1024px) 100vw, 1024px\" \/>\t\t\t\t\t\t\t\t\t\t\t\t\t\t\t<\/div>\n\t\t\t\t<\/div>\n\t\t\t\t<\/div>\n\t\t<div class=\"elementor-element elementor-element-0740579 e-con-full e-flex sc_inner_width_none sc_layouts_column_icons_position_left e-con e-child\" data-id=\"0740579\" data-element_type=\"container\" data-e-type=\"container\">\n\t\t\t\t<div class=\"elementor-element elementor-element-bdc6dd8 animation_type_block sc_fly_static elementor-invisible elementor-widget elementor-widget-text-editor\" data-id=\"bdc6dd8\" data-element_type=\"widget\" data-e-type=\"widget\" data-settings=\"{&quot;_animation&quot;:&quot;medeus-fadeinup&quot;,&quot;_animation_delay&quot;:140}\" data-widget_type=\"text-editor.default\">\n\t\t\t\t<div class=\"elementor-widget-container\">\n\t\t\t\t\t\t\t\t\t<p>La estimulaci\u00f3n temprana tambi\u00e9n involucra la participaci\u00f3n activa de los padres y cuidadores, quienes desempe\u00f1an un papel crucial en proporcionar un entorno rico en est\u00edmulos y experiencias positivas para el ni\u00f1o. A trav\u00e9s de interacciones afectuosas y estimulantes, los padres pueden fortalecer el v\u00ednculo con sus hijos y fomentar un desarrollo saludable en todas las \u00e1reas. Los beneficios de la estimulaci\u00f3n temprana en el neurodesarrollo incluyen:<\/p>\t\t\t\t\t\t\t\t<\/div>\n\t\t\t\t<\/div>\n\t\t\t\t<div class=\"elementor-element elementor-element-25fa48b elementor-icon-list--layout-traditional elementor-list-item-link-full_width sc_fly_static elementor-widget elementor-widget-icon-list\" data-id=\"25fa48b\" data-element_type=\"widget\" data-e-type=\"widget\" data-widget_type=\"icon-list.default\">\n\t\t\t\t<div class=\"elementor-widget-container\">\n\t\t\t\t\t\t\t<ul class=\"elementor-icon-list-items\">\n\t\t\t\t\t\t\t<li class=\"elementor-icon-list-item\">\n\t\t\t\t\t\t\t\t\t\t\t<span class=\"elementor-icon-list-icon\">\n\t\t\t\t\t\t\t<svg aria-hidden=\"true\" class=\"e-font-icon-svg e-fas-arrow-right\" viewBox=\"0 0 448 512\" xmlns=\"http:\/\/www.w3.org\/2000\/svg\"><path d=\"M190.5 66.9l22.2-22.2c9.4-9.4 24.6-9.4 33.9 0L441 239c9.4 9.4 9.4 24.6 0 33.9L246.6 467.3c-9.4 9.4-24.6 9.4-33.9 0l-22.2-22.2c-9.5-9.5-9.3-25 .4-34.3L311.4 296H24c-13.3 0-24-10.7-24-24v-32c0-13.3 10.7-24 24-24h287.4L190.9 101.2c-9.8-9.3-10-24.8-.4-34.3z\"><\/path><\/svg>\t\t\t\t\t\t<\/span>\n\t\t\t\t\t\t\t\t\t\t<span class=\"elementor-icon-list-text\">1. Mejora de las habilidades cognitivas y del lenguaje.<\/span>\n\t\t\t\t\t\t\t\t\t<\/li>\n\t\t\t\t\t\t\t\t<li class=\"elementor-icon-list-item\">\n\t\t\t\t\t\t\t\t\t\t\t<span class=\"elementor-icon-list-icon\">\n\t\t\t\t\t\t\t<svg aria-hidden=\"true\" class=\"e-font-icon-svg e-fas-arrow-right\" viewBox=\"0 0 448 512\" xmlns=\"http:\/\/www.w3.org\/2000\/svg\"><path d=\"M190.5 66.9l22.2-22.2c9.4-9.4 24.6-9.4 33.9 0L441 239c9.4 9.4 9.4 24.6 0 33.9L246.6 467.3c-9.4 9.4-24.6 9.4-33.9 0l-22.2-22.2c-9.5-9.5-9.3-25 .4-34.3L311.4 296H24c-13.3 0-24-10.7-24-24v-32c0-13.3 10.7-24 24-24h287.4L190.9 101.2c-9.8-9.3-10-24.8-.4-34.3z\"><\/path><\/svg>\t\t\t\t\t\t<\/span>\n\t\t\t\t\t\t\t\t\t\t<span class=\"elementor-icon-list-text\">2. Desarrollo de habilidades motoras gruesas y finas.<\/span>\n\t\t\t\t\t\t\t\t\t<\/li>\n\t\t\t\t\t\t\t\t<li class=\"elementor-icon-list-item\">\n\t\t\t\t\t\t\t\t\t\t\t<span class=\"elementor-icon-list-icon\">\n\t\t\t\t\t\t\t<svg aria-hidden=\"true\" class=\"e-font-icon-svg e-fas-arrow-right\" viewBox=\"0 0 448 512\" xmlns=\"http:\/\/www.w3.org\/2000\/svg\"><path d=\"M190.5 66.9l22.2-22.2c9.4-9.4 24.6-9.4 33.9 0L441 239c9.4 9.4 9.4 24.6 0 33.9L246.6 467.3c-9.4 9.4-24.6 9.4-33.9 0l-22.2-22.2c-9.5-9.5-9.3-25 .4-34.3L311.4 296H24c-13.3 0-24-10.7-24-24v-32c0-13.3 10.7-24 24-24h287.4L190.9 101.2c-9.8-9.3-10-24.8-.4-34.3z\"><\/path><\/svg>\t\t\t\t\t\t<\/span>\n\t\t\t\t\t\t\t\t\t\t<span class=\"elementor-icon-list-text\">3. Promoci\u00f3n de la socializaci\u00f3n y la empat\u00eda.<\/span>\n\t\t\t\t\t\t\t\t\t<\/li>\n\t\t\t\t\t\t\t\t<li class=\"elementor-icon-list-item\">\n\t\t\t\t\t\t\t\t\t\t\t<span class=\"elementor-icon-list-icon\">\n\t\t\t\t\t\t\t<svg aria-hidden=\"true\" class=\"e-font-icon-svg e-fas-arrow-right\" viewBox=\"0 0 448 512\" xmlns=\"http:\/\/www.w3.org\/2000\/svg\"><path d=\"M190.5 66.9l22.2-22.2c9.4-9.4 24.6-9.4 33.9 0L441 239c9.4 9.4 9.4 24.6 0 33.9L246.6 467.3c-9.4 9.4-24.6 9.4-33.9 0l-22.2-22.2c-9.5-9.5-9.3-25 .4-34.3L311.4 296H24c-13.3 0-24-10.7-24-24v-32c0-13.3 10.7-24 24-24h287.4L190.9 101.2c-9.8-9.3-10-24.8-.4-34.3z\"><\/path><\/svg>\t\t\t\t\t\t<\/span>\n\t\t\t\t\t\t\t\t\t\t<span class=\"elementor-icon-list-text\">4. Fortalecimiento del v\u00ednculo entre padres e hijos.<\/span>\n\t\t\t\t\t\t\t\t\t<\/li>\n\t\t\t\t\t\t\t\t<li class=\"elementor-icon-list-item\">\n\t\t\t\t\t\t\t\t\t\t\t<span class=\"elementor-icon-list-icon\">\n\t\t\t\t\t\t\t<svg aria-hidden=\"true\" class=\"e-font-icon-svg e-fas-arrow-right\" viewBox=\"0 0 448 512\" xmlns=\"http:\/\/www.w3.org\/2000\/svg\"><path d=\"M190.5 66.9l22.2-22.2c9.4-9.4 24.6-9.4 33.9 0L441 239c9.4 9.4 9.4 24.6 0 33.9L246.6 467.3c-9.4 9.4-24.6 9.4-33.9 0l-22.2-22.2c-9.5-9.5-9.3-25 .4-34.3L311.4 296H24c-13.3 0-24-10.7-24-24v-32c0-13.3 10.7-24 24-24h287.4L190.9 101.2c-9.8-9.3-10-24.8-.4-34.3z\"><\/path><\/svg>\t\t\t\t\t\t<\/span>\n\t\t\t\t\t\t\t\t\t\t<span class=\"elementor-icon-list-text\">5. Reducci\u00f3n del riesgo de retrasos en el desarrollo y problemas de comportamiento.<\/span>\n\t\t\t\t\t\t\t\t\t<\/li>\n\t\t\t\t\t\t<\/ul>\n\t\t\t\t\t\t<\/div>\n\t\t\t\t<\/div>\n\t\t\t\t<div class=\"elementor-element elementor-element-7284653 animation_type_block sc_fly_static elementor-invisible elementor-widget elementor-widget-image\" data-id=\"7284653\" data-element_type=\"widget\" data-e-type=\"widget\" data-settings=\"{&quot;_animation&quot;:&quot;medeus-fadeinup&quot;,&quot;_animation_delay&quot;:140}\" data-widget_type=\"image.default\">\n\t\t\t\t<div class=\"elementor-widget-container\">\n\t\t\t\t\t\t\t\t\t\t\t\t\t\t\t<img decoding=\"async\" width=\"1024\" height=\"981\" src=\"https:\/\/ene.com.ar\/wp-content\/uploads\/2024\/03\/Captura-de-pantalla-2024-03-08-a-las-20.09.32-1024x981.png\" class=\"attachment-large size-large wp-image-1685\" alt=\"\" srcset=\"https:\/\/ene.com.ar\/wp-content\/uploads\/2024\/03\/Captura-de-pantalla-2024-03-08-a-las-20.09.32-1024x981.png 1024w, https:\/\/ene.com.ar\/wp-content\/uploads\/2024\/03\/Captura-de-pantalla-2024-03-08-a-las-20.09.32-300x288.png 300w, https:\/\/ene.com.ar\/wp-content\/uploads\/2024\/03\/Captura-de-pantalla-2024-03-08-a-las-20.09.32-768x736.png 768w, https:\/\/ene.com.ar\/wp-content\/uploads\/2024\/03\/Captura-de-pantalla-2024-03-08-a-las-20.09.32-370x355.png 370w, https:\/\/ene.com.ar\/wp-content\/uploads\/2024\/03\/Captura-de-pantalla-2024-03-08-a-las-20.09.32-840x805.png 840w, https:\/\/ene.com.ar\/wp-content\/uploads\/2024\/03\/Captura-de-pantalla-2024-03-08-a-las-20.09.32-410x393.png 410w, https:\/\/ene.com.ar\/wp-content\/uploads\/2024\/03\/Captura-de-pantalla-2024-03-08-a-las-20.09.32-600x575.png 600w, https:\/\/ene.com.ar\/wp-content\/uploads\/2024\/03\/Captura-de-pantalla-2024-03-08-a-las-20.09.32.png 1152w\" sizes=\"(max-width: 1024px) 100vw, 1024px\" \/>\t\t\t\t\t\t\t\t\t\t\t\t\t\t\t<\/div>\n\t\t\t\t<\/div>\n\t\t\t\t<\/div>\n\t\t\t\t\t<\/div>\n\t\t\t\t<\/div>\n\t\t\t\t<\/div>\n\t\t","protected":false},"excerpt":{"rendered":"<p>ESTIMULACION TEMPRANA La estimulaci\u00f3n temprana en el neurodesarrollo infantil se refiere a un conjunto de actividades dise\u00f1adas para promover el desarrollo cognitivo, f\u00edsico, emocional y social de los ni\u00f1os desde&hellip;<\/p>\n","protected":false},"author":1,"featured_media":0,"parent":13,"menu_order":0,"comment_status":"closed","ping_status":"closed","template":"","meta":{"_joinchat":[],"footnotes":""},"class_list":["post-1226","page","type-page","status-publish","hentry"],"_links":{"self":[{"href":"https:\/\/ene.com.ar\/index.php\/wp-json\/wp\/v2\/pages\/1226","targetHints":{"allow":["GET"]}}],"collection":[{"href":"https:\/\/ene.com.ar\/index.php\/wp-json\/wp\/v2\/pages"}],"about":[{"href":"https:\/\/ene.com.ar\/index.php\/wp-json\/wp\/v2\/types\/page"}],"author":[{"embeddable":true,"href":"https:\/\/ene.com.ar\/index.php\/wp-json\/wp\/v2\/users\/1"}],"replies":[{"embeddable":true,"href":"https:\/\/ene.com.ar\/index.php\/wp-json\/wp\/v2\/comments?post=1226"}],"version-history":[{"count":16,"href":"https:\/\/ene.com.ar\/index.php\/wp-json\/wp\/v2\/pages\/1226\/revisions"}],"predecessor-version":[{"id":1688,"href":"https:\/\/ene.com.ar\/index.php\/wp-json\/wp\/v2\/pages\/1226\/revisions\/1688"}],"up":[{"embeddable":true,"href":"https:\/\/ene.com.ar\/index.php\/wp-json\/wp\/v2\/pages\/13"}],"wp:attachment":[{"href":"https:\/\/ene.com.ar\/index.php\/wp-json\/wp\/v2\/media?parent=1226"}],"curies":[{"name":"wp","href":"https:\/\/api.w.org\/{rel}","templated":true}]}}