{"id":17,"date":"2024-02-20T22:12:48","date_gmt":"2024-02-21T01:12:48","guid":{"rendered":"https:\/\/ene.com.ar\/?page_id=17"},"modified":"2024-03-08T20:06:37","modified_gmt":"2024-03-08T23:06:37","slug":"interes-general","status":"publish","type":"page","link":"https:\/\/ene.com.ar\/index.php\/interes-general\/","title":{"rendered":"Inter\u00e9s general"},"content":{"rendered":"\t\t<div data-elementor-type=\"wp-page\" data-elementor-id=\"17\" class=\"elementor elementor-17\">\n\t\t\t\t<div class=\"elementor-element elementor-element-27b68ef e-flex e-con-boxed sc_inner_width_none sc_layouts_column_icons_position_left e-con e-parent\" data-id=\"27b68ef\" data-element_type=\"container\" data-e-type=\"container\">\n\t\t\t\t\t<div class=\"e-con-inner\">\n\t\t\t\t<div class=\"elementor-element elementor-element-0d9ceb2 animation_type_sequental sc_fly_static elementor-invisible elementor-widget elementor-widget-trx_sc_title\" data-id=\"0d9ceb2\" data-element_type=\"widget\" data-e-type=\"widget\" data-settings=\"{&quot;_animation&quot;:&quot;medeus-fadeinup&quot;}\" data-widget_type=\"trx_sc_title.default\">\n\t\t\t\t<div class=\"elementor-widget-container\">\n\t\t\t\t\t<div\t\tclass=\"sc_title sc_title_accent\" ><span class=\"sc_item_subtitle sc_title_subtitle sc_item_subtitle_above sc_item_title_style_accent\">Art\u00edculos<\/span><h2 class=\"sc_item_title sc_title_title sc_item_title_style_accent trx_addons_inline_2140520613\"\n\t\t\t><span class=\"sc_item_title_text\">Lectura para padres<\/span><\/h2><\/div>\t\t\t\t<\/div>\n\t\t\t\t<\/div>\n\t\t\t\t\t<\/div>\n\t\t\t\t<\/div>\n\t\t<div class=\"elementor-element elementor-element-1a98337 e-flex e-con-boxed sc_inner_width_none sc_layouts_column_icons_position_left e-con e-parent\" data-id=\"1a98337\" data-element_type=\"container\" data-e-type=\"container\">\n\t\t\t\t\t<div class=\"e-con-inner\">\n\t\t\t\t<div class=\"elementor-element elementor-element-f9c0ecd animation_type_sequental premium-blog-align-left sc_fly_static elementor-invisible elementor-widget elementor-widget-premium-addon-blog\" data-id=\"f9c0ecd\" data-element_type=\"widget\" data-e-type=\"widget\" data-settings=\"{&quot;premium_blog_columns_number&quot;:&quot;33.33%&quot;,&quot;_animation&quot;:&quot;medeus-fadeinup&quot;,&quot;force_height&quot;:&quot;true&quot;,&quot;premium_blog_grid&quot;:&quot;yes&quot;,&quot;premium_blog_layout&quot;:&quot;even&quot;,&quot;premium_blog_columns_number_tablet&quot;:&quot;50%&quot;,&quot;premium_blog_columns_number_mobile&quot;:&quot;100%&quot;,&quot;scroll_to_offset&quot;:&quot;yes&quot;}\" data-widget_type=\"premium-addon-blog.default\">\n\t\t\t\t<div class=\"elementor-widget-container\">\n\t\t\t\t\t\n\t\t\n\n\t\t\t\t<div class=\"premium-blog-wrap  premium-blog-even\" data-page=\"17\" data-pagination=\"true\">\n\t\t\t\t\t\t\t\t\t<div class=\"premium-blog-post-outer-container\" data-total=\"3\">\n\t\t\t<div class=\"premium-blog-post-container premium-blog-skin-classic\">\n\t\t\t\t\t\t\t\t\t<div class=\"premium-blog-thumb-effect-wrapper\">\n\t\t\t\t\t\t<div class=\"premium-blog-thumbnail-container premium-blog-zoomin-effect\">\n\t\t\t\t\t\t\t<img fetchpriority=\"high\" decoding=\"async\" width=\"976\" height=\"980\" src=\"https:\/\/ene.com.ar\/wp-content\/uploads\/2024\/03\/Captura-de-pantalla-2024-03-06-a-las-11.36.16.png\" class=\"attachment-full size-full wp-image-1535\" alt=\"\" srcset=\"https:\/\/ene.com.ar\/wp-content\/uploads\/2024\/03\/Captura-de-pantalla-2024-03-06-a-las-11.36.16.png 976w, https:\/\/ene.com.ar\/wp-content\/uploads\/2024\/03\/Captura-de-pantalla-2024-03-06-a-las-11.36.16-300x300.png 300w, https:\/\/ene.com.ar\/wp-content\/uploads\/2024\/03\/Captura-de-pantalla-2024-03-06-a-las-11.36.16-150x150.png 150w, https:\/\/ene.com.ar\/wp-content\/uploads\/2024\/03\/Captura-de-pantalla-2024-03-06-a-las-11.36.16-768x771.png 768w, https:\/\/ene.com.ar\/wp-content\/uploads\/2024\/03\/Captura-de-pantalla-2024-03-06-a-las-11.36.16-370x372.png 370w, https:\/\/ene.com.ar\/wp-content\/uploads\/2024\/03\/Captura-de-pantalla-2024-03-06-a-las-11.36.16-120x120.png 120w, https:\/\/ene.com.ar\/wp-content\/uploads\/2024\/03\/Captura-de-pantalla-2024-03-06-a-las-11.36.16-840x843.png 840w, https:\/\/ene.com.ar\/wp-content\/uploads\/2024\/03\/Captura-de-pantalla-2024-03-06-a-las-11.36.16-410x412.png 410w, https:\/\/ene.com.ar\/wp-content\/uploads\/2024\/03\/Captura-de-pantalla-2024-03-06-a-las-11.36.16-600x602.png 600w\" sizes=\"(max-width: 976px) 100vw, 976px\" \/>\t\t\t\t\t\t<\/div>\n\t\t\t\t\t\t\t\t\t\t\t\t\t<div class=\"premium-blog-thumbnail-overlay\">\n\t\t\t\t\t\t\t\t<a class=\"elementor-icon\" href=\"https:\/\/ene.com.ar\/index.php\/2024\/03\/06\/el-metodo-aba-su-significado-aplicacion-y-adaptacion-en-argentina-para-ninos-con-tea\/\" target=\"_self\"><\/a>\n\t\t\t\t\t\t\t<\/div>\n\n\t\t\t\t\t\t\t\t\t\t\t\t\t\t\t\t\t\t<\/div>\n\t\t\t\t\t\t\t\t\t\t\t\t<div class=\"premium-blog-content-wrapper \">\n\n\t\t\t\t\t<div class=\"premium-blog-inner-container\">\n\n\t\t\t\t\t\t\t\t\t\t\t\t\t\t<h1 class=\"premium-blog-entry-title\">\n\t\t\t<a href=\"https:\/\/ene.com.ar\/index.php\/2024\/03\/06\/el-metodo-aba-su-significado-aplicacion-y-adaptacion-en-argentina-para-ninos-con-tea\/\" target=\"_self\">\n\t\t\t\tEl M\u00e9todo ABA: su significado, aplicaci\u00f3n y adaptaci\u00f3n en Argentina para ni\u00f1os con TEA\t\t\t<\/a>\n\t\t<\/h1>\n\t\t\t\t<div class=\"premium-blog-entry-meta\">\n\t\t\t\n\t\t\t\n\t\t\t\t\t\t\t<span class=\"premium-blog-meta-separator\">\u2022<\/span>\n\t\t\t\t<div class=\"premium-blog-post-categories premium-blog-meta-data\">\n\t\t\t\t\t<i class=\"fa fa-align-left fa-fw\" aria-hidden=\"true\"><\/i>\n\t\t\t\t\t<a href=\"https:\/\/ene.com.ar\/index.php\/category\/interes-general\/\" rel=\"category tag\">Inter\u00e9s general<\/a>\t\t\t\t<\/div>\n\t\t\t\n\t\t\t\t\t<\/div>\n\t\t\n\t\t\t\t\t<\/div>\n\n\t\t\t\t\t\t\t<div class=\"premium-blog-content-inner-wrapper\">\n\t\t<p class=\"premium-blog-post-content\">El M\u00e9todo de An\u00e1lisis Aplicado del Comportamiento (ABA, por sus siglas en ingl\u00e9s) es un enfoque terap\u00e9utico basado en principios cient\u00edficos del aprendizaje que se<\/p><div class=\"premium-blog-excerpt-link-wrap\"><a href=\"https:\/\/ene.com.ar\/index.php\/2024\/03\/06\/el-metodo-aba-su-significado-aplicacion-y-adaptacion-en-argentina-para-ninos-con-tea\/\" target=\"_self\" class=\"premium-blog-excerpt-link elementor-button\">Leer m\u00e1s \u00bb<\/a><\/div>\t\t<\/div>\n\t\t\t\t\t\t\t\n\t\t\t\t<\/div>\n\t\t\t<\/div>\n\t\t<\/div>\n\n\t\t\t\t<div class=\"premium-blog-post-outer-container\" data-total=\"3\">\n\t\t\t<div class=\"premium-blog-post-container premium-blog-skin-classic\">\n\t\t\t\t\t\t\t\t\t<div class=\"premium-blog-thumb-effect-wrapper\">\n\t\t\t\t\t\t<div class=\"premium-blog-thumbnail-container premium-blog-zoomin-effect\">\n\t\t\t\t\t\t\t<img decoding=\"async\" width=\"976\" height=\"978\" src=\"https:\/\/ene.com.ar\/wp-content\/uploads\/2024\/03\/Captura-de-pantalla-2024-03-06-a-las-11.34.34.png\" class=\"attachment-full size-full wp-image-1532\" alt=\"\" srcset=\"https:\/\/ene.com.ar\/wp-content\/uploads\/2024\/03\/Captura-de-pantalla-2024-03-06-a-las-11.34.34.png 976w, https:\/\/ene.com.ar\/wp-content\/uploads\/2024\/03\/Captura-de-pantalla-2024-03-06-a-las-11.34.34-300x300.png 300w, https:\/\/ene.com.ar\/wp-content\/uploads\/2024\/03\/Captura-de-pantalla-2024-03-06-a-las-11.34.34-150x150.png 150w, https:\/\/ene.com.ar\/wp-content\/uploads\/2024\/03\/Captura-de-pantalla-2024-03-06-a-las-11.34.34-768x770.png 768w, https:\/\/ene.com.ar\/wp-content\/uploads\/2024\/03\/Captura-de-pantalla-2024-03-06-a-las-11.34.34-370x370.png 370w, https:\/\/ene.com.ar\/wp-content\/uploads\/2024\/03\/Captura-de-pantalla-2024-03-06-a-las-11.34.34-120x120.png 120w, https:\/\/ene.com.ar\/wp-content\/uploads\/2024\/03\/Captura-de-pantalla-2024-03-06-a-las-11.34.34-840x842.png 840w, https:\/\/ene.com.ar\/wp-content\/uploads\/2024\/03\/Captura-de-pantalla-2024-03-06-a-las-11.34.34-410x411.png 410w, https:\/\/ene.com.ar\/wp-content\/uploads\/2024\/03\/Captura-de-pantalla-2024-03-06-a-las-11.34.34-600x601.png 600w\" sizes=\"(max-width: 976px) 100vw, 976px\" \/>\t\t\t\t\t\t<\/div>\n\t\t\t\t\t\t\t\t\t\t\t\t\t<div class=\"premium-blog-thumbnail-overlay\">\n\t\t\t\t\t\t\t\t<a class=\"elementor-icon\" href=\"https:\/\/ene.com.ar\/index.php\/2024\/03\/06\/la-importancia-de-la-higiene-del-sueno-para-ninos-con-desafios-en-el-desarrollo\/\" target=\"_self\"><\/a>\n\t\t\t\t\t\t\t<\/div>\n\n\t\t\t\t\t\t\t\t\t\t\t\t\t\t\t\t\t\t<\/div>\n\t\t\t\t\t\t\t\t\t\t\t\t<div class=\"premium-blog-content-wrapper \">\n\n\t\t\t\t\t<div class=\"premium-blog-inner-container\">\n\n\t\t\t\t\t\t\t\t\t\t\t\t\t\t<h1 class=\"premium-blog-entry-title\">\n\t\t\t<a href=\"https:\/\/ene.com.ar\/index.php\/2024\/03\/06\/la-importancia-de-la-higiene-del-sueno-para-ninos-con-desafios-en-el-desarrollo\/\" target=\"_self\">\n\t\t\t\tLa Importancia de la higiene del sue\u00f1o para ni\u00f1os con desaf\u00edos en el desarrollo\t\t\t<\/a>\n\t\t<\/h1>\n\t\t\t\t<div class=\"premium-blog-entry-meta\">\n\t\t\t\n\t\t\t\n\t\t\t\t\t\t\t<span class=\"premium-blog-meta-separator\">\u2022<\/span>\n\t\t\t\t<div class=\"premium-blog-post-categories premium-blog-meta-data\">\n\t\t\t\t\t<i class=\"fa fa-align-left fa-fw\" aria-hidden=\"true\"><\/i>\n\t\t\t\t\t<a href=\"https:\/\/ene.com.ar\/index.php\/category\/interes-general\/\" rel=\"category tag\">Inter\u00e9s general<\/a>\t\t\t\t<\/div>\n\t\t\t\n\t\t\t\t\t<\/div>\n\t\t\n\t\t\t\t\t<\/div>\n\n\t\t\t\t\t\t\t<div class=\"premium-blog-content-inner-wrapper\">\n\t\t<p class=\"premium-blog-post-content\">La higiene del sue\u00f1o se refiere a las pr\u00e1cticas y h\u00e1bitos que promueven un sue\u00f1o saludable y reparador. Para los ni\u00f1os con desaf\u00edos en el<\/p><div class=\"premium-blog-excerpt-link-wrap\"><a href=\"https:\/\/ene.com.ar\/index.php\/2024\/03\/06\/la-importancia-de-la-higiene-del-sueno-para-ninos-con-desafios-en-el-desarrollo\/\" target=\"_self\" class=\"premium-blog-excerpt-link elementor-button\">Leer m\u00e1s \u00bb<\/a><\/div>\t\t<\/div>\n\t\t\t\t\t\t\t\n\t\t\t\t<\/div>\n\t\t\t<\/div>\n\t\t<\/div>\n\n\t\t\t\t<div class=\"premium-blog-post-outer-container\" data-total=\"3\">\n\t\t\t<div class=\"premium-blog-post-container premium-blog-skin-classic\">\n\t\t\t\t\t\t\t\t\t<div class=\"premium-blog-thumb-effect-wrapper\">\n\t\t\t\t\t\t<div class=\"premium-blog-thumbnail-container premium-blog-zoomin-effect\">\n\t\t\t\t\t\t\t<img decoding=\"async\" width=\"844\" height=\"880\" src=\"https:\/\/ene.com.ar\/wp-content\/uploads\/2024\/03\/Captura-de-pantalla-2024-03-06-a-las-11.32.33.png\" class=\"attachment-full size-full wp-image-1529\" alt=\"\" srcset=\"https:\/\/ene.com.ar\/wp-content\/uploads\/2024\/03\/Captura-de-pantalla-2024-03-06-a-las-11.32.33.png 844w, https:\/\/ene.com.ar\/wp-content\/uploads\/2024\/03\/Captura-de-pantalla-2024-03-06-a-las-11.32.33-288x300.png 288w, https:\/\/ene.com.ar\/wp-content\/uploads\/2024\/03\/Captura-de-pantalla-2024-03-06-a-las-11.32.33-768x801.png 768w, https:\/\/ene.com.ar\/wp-content\/uploads\/2024\/03\/Captura-de-pantalla-2024-03-06-a-las-11.32.33-370x386.png 370w, https:\/\/ene.com.ar\/wp-content\/uploads\/2024\/03\/Captura-de-pantalla-2024-03-06-a-las-11.32.33-840x876.png 840w, https:\/\/ene.com.ar\/wp-content\/uploads\/2024\/03\/Captura-de-pantalla-2024-03-06-a-las-11.32.33-410x427.png 410w, https:\/\/ene.com.ar\/wp-content\/uploads\/2024\/03\/Captura-de-pantalla-2024-03-06-a-las-11.32.33-600x626.png 600w\" sizes=\"(max-width: 844px) 100vw, 844px\" \/>\t\t\t\t\t\t<\/div>\n\t\t\t\t\t\t\t\t\t\t\t\t\t<div class=\"premium-blog-thumbnail-overlay\">\n\t\t\t\t\t\t\t\t<a class=\"elementor-icon\" href=\"https:\/\/ene.com.ar\/index.php\/2024\/03\/06\/consejos-para-padres-al-llevar-a-ninos-con-tea-a-la-peluqueria-manejando-desafios-sensoriales\/\" target=\"_self\"><\/a>\n\t\t\t\t\t\t\t<\/div>\n\n\t\t\t\t\t\t\t\t\t\t\t\t\t\t\t\t\t\t<\/div>\n\t\t\t\t\t\t\t\t\t\t\t\t<div class=\"premium-blog-content-wrapper \">\n\n\t\t\t\t\t<div class=\"premium-blog-inner-container\">\n\n\t\t\t\t\t\t\t\t\t\t\t\t\t\t<h1 class=\"premium-blog-entry-title\">\n\t\t\t<a href=\"https:\/\/ene.com.ar\/index.php\/2024\/03\/06\/consejos-para-padres-al-llevar-a-ninos-con-tea-a-la-peluqueria-manejando-desafios-sensoriales\/\" target=\"_self\">\n\t\t\t\tConsejos para padres al llevar a ni\u00f1os con TEA a la peluquer\u00eda: Manejando desaf\u00edos sensoriales\t\t\t<\/a>\n\t\t<\/h1>\n\t\t\t\t<div class=\"premium-blog-entry-meta\">\n\t\t\t\n\t\t\t\n\t\t\t\t\t\t\t<span class=\"premium-blog-meta-separator\">\u2022<\/span>\n\t\t\t\t<div class=\"premium-blog-post-categories premium-blog-meta-data\">\n\t\t\t\t\t<i class=\"fa fa-align-left fa-fw\" aria-hidden=\"true\"><\/i>\n\t\t\t\t\t<a href=\"https:\/\/ene.com.ar\/index.php\/category\/interes-general\/\" rel=\"category tag\">Inter\u00e9s general<\/a>\t\t\t\t<\/div>\n\t\t\t\n\t\t\t\t\t<\/div>\n\t\t\n\t\t\t\t\t<\/div>\n\n\t\t\t\t\t\t\t<div class=\"premium-blog-content-inner-wrapper\">\n\t\t<p class=\"premium-blog-post-content\">Llevar a un ni\u00f1o con Trastorno del Espectro Autista (TEA) a la peluquer\u00eda puede ser una tarea desafiante debido a los aspectos sensoriales que pueden<\/p><div class=\"premium-blog-excerpt-link-wrap\"><a href=\"https:\/\/ene.com.ar\/index.php\/2024\/03\/06\/consejos-para-padres-al-llevar-a-ninos-con-tea-a-la-peluqueria-manejando-desafios-sensoriales\/\" target=\"_self\" class=\"premium-blog-excerpt-link elementor-button\">Leer m\u00e1s \u00bb<\/a><\/div>\t\t<\/div>\n\t\t\t\t\t\t\t\n\t\t\t\t<\/div>\n\t\t\t<\/div>\n\t\t<\/div>\n\n\t\t\t\t<div class=\"premium-blog-post-outer-container\" data-total=\"3\">\n\t\t\t<div class=\"premium-blog-post-container premium-blog-skin-classic\">\n\t\t\t\t\t\t\t\t\t<div class=\"premium-blog-thumb-effect-wrapper\">\n\t\t\t\t\t\t<div class=\"premium-blog-thumbnail-container premium-blog-zoomin-effect\">\n\t\t\t\t\t\t\t<img loading=\"lazy\" decoding=\"async\" width=\"990\" height=\"934\" src=\"https:\/\/ene.com.ar\/wp-content\/uploads\/2024\/03\/Captura-de-pantalla-2024-03-05-a-las-20.46.15.png\" class=\"attachment-full size-full wp-image-1429\" alt=\"\" srcset=\"https:\/\/ene.com.ar\/wp-content\/uploads\/2024\/03\/Captura-de-pantalla-2024-03-05-a-las-20.46.15.png 990w, https:\/\/ene.com.ar\/wp-content\/uploads\/2024\/03\/Captura-de-pantalla-2024-03-05-a-las-20.46.15-300x283.png 300w, https:\/\/ene.com.ar\/wp-content\/uploads\/2024\/03\/Captura-de-pantalla-2024-03-05-a-las-20.46.15-768x725.png 768w, https:\/\/ene.com.ar\/wp-content\/uploads\/2024\/03\/Captura-de-pantalla-2024-03-05-a-las-20.46.15-370x349.png 370w, https:\/\/ene.com.ar\/wp-content\/uploads\/2024\/03\/Captura-de-pantalla-2024-03-05-a-las-20.46.15-840x792.png 840w, https:\/\/ene.com.ar\/wp-content\/uploads\/2024\/03\/Captura-de-pantalla-2024-03-05-a-las-20.46.15-410x387.png 410w, https:\/\/ene.com.ar\/wp-content\/uploads\/2024\/03\/Captura-de-pantalla-2024-03-05-a-las-20.46.15-600x566.png 600w\" sizes=\"(max-width: 990px) 100vw, 990px\" \/>\t\t\t\t\t\t<\/div>\n\t\t\t\t\t\t\t\t\t\t\t\t\t<div class=\"premium-blog-thumbnail-overlay\">\n\t\t\t\t\t\t\t\t<a class=\"elementor-icon\" href=\"https:\/\/ene.com.ar\/index.php\/2024\/03\/05\/estrategias-efectivas-para-manejar-crisis-de-berrinches-y-angustia-en-ninos\/\" target=\"_self\"><\/a>\n\t\t\t\t\t\t\t<\/div>\n\n\t\t\t\t\t\t\t\t\t\t\t\t\t\t\t\t\t\t<\/div>\n\t\t\t\t\t\t\t\t\t\t\t\t<div class=\"premium-blog-content-wrapper \">\n\n\t\t\t\t\t<div class=\"premium-blog-inner-container\">\n\n\t\t\t\t\t\t\t\t\t\t\t\t\t\t<h1 class=\"premium-blog-entry-title\">\n\t\t\t<a href=\"https:\/\/ene.com.ar\/index.php\/2024\/03\/05\/estrategias-efectivas-para-manejar-crisis-de-berrinches-y-angustia-en-ninos\/\" target=\"_self\">\n\t\t\t\tEstrategias efectivas para manejar crisis de berrinches y angustia en ni\u00f1os\t\t\t<\/a>\n\t\t<\/h1>\n\t\t\t\t<div class=\"premium-blog-entry-meta\">\n\t\t\t\n\t\t\t\n\t\t\t\t\t\t\t<span class=\"premium-blog-meta-separator\">\u2022<\/span>\n\t\t\t\t<div class=\"premium-blog-post-categories premium-blog-meta-data\">\n\t\t\t\t\t<i class=\"fa fa-align-left fa-fw\" aria-hidden=\"true\"><\/i>\n\t\t\t\t\t<a href=\"https:\/\/ene.com.ar\/index.php\/category\/interes-general\/\" rel=\"category tag\">Inter\u00e9s general<\/a>\t\t\t\t<\/div>\n\t\t\t\n\t\t\t\t\t<\/div>\n\t\t\n\t\t\t\t\t<\/div>\n\n\t\t\t\t\t\t\t<div class=\"premium-blog-content-inner-wrapper\">\n\t\t<p class=\"premium-blog-post-content\">Cuando un ni\u00f1o se desregula conductualmente y enfrenta una crisis de berrinche y angustia, puede resultar abrumador tanto para el ni\u00f1o como para los cuidadores.<\/p><div class=\"premium-blog-excerpt-link-wrap\"><a href=\"https:\/\/ene.com.ar\/index.php\/2024\/03\/05\/estrategias-efectivas-para-manejar-crisis-de-berrinches-y-angustia-en-ninos\/\" target=\"_self\" class=\"premium-blog-excerpt-link elementor-button\">Leer m\u00e1s \u00bb<\/a><\/div>\t\t<\/div>\n\t\t\t\t\t\t\t\n\t\t\t\t<\/div>\n\t\t\t<\/div>\n\t\t<\/div>\n\n\t\t\t\t<div class=\"premium-blog-post-outer-container\" data-total=\"3\">\n\t\t\t<div class=\"premium-blog-post-container premium-blog-skin-classic\">\n\t\t\t\t\t\t\t\t\t<div class=\"premium-blog-thumb-effect-wrapper\">\n\t\t\t\t\t\t<div class=\"premium-blog-thumbnail-container premium-blog-zoomin-effect\">\n\t\t\t\t\t\t\t<img loading=\"lazy\" decoding=\"async\" width=\"1024\" height=\"944\" src=\"https:\/\/ene.com.ar\/wp-content\/uploads\/2024\/03\/Captura-de-pantalla-2024-03-05-a-las-20.44.05.png\" class=\"attachment-full size-full wp-image-1426\" alt=\"\" srcset=\"https:\/\/ene.com.ar\/wp-content\/uploads\/2024\/03\/Captura-de-pantalla-2024-03-05-a-las-20.44.05.png 1024w, https:\/\/ene.com.ar\/wp-content\/uploads\/2024\/03\/Captura-de-pantalla-2024-03-05-a-las-20.44.05-300x277.png 300w, https:\/\/ene.com.ar\/wp-content\/uploads\/2024\/03\/Captura-de-pantalla-2024-03-05-a-las-20.44.05-768x708.png 768w, https:\/\/ene.com.ar\/wp-content\/uploads\/2024\/03\/Captura-de-pantalla-2024-03-05-a-las-20.44.05-370x341.png 370w, https:\/\/ene.com.ar\/wp-content\/uploads\/2024\/03\/Captura-de-pantalla-2024-03-05-a-las-20.44.05-840x774.png 840w, https:\/\/ene.com.ar\/wp-content\/uploads\/2024\/03\/Captura-de-pantalla-2024-03-05-a-las-20.44.05-410x378.png 410w, https:\/\/ene.com.ar\/wp-content\/uploads\/2024\/03\/Captura-de-pantalla-2024-03-05-a-las-20.44.05-600x553.png 600w\" sizes=\"(max-width: 1024px) 100vw, 1024px\" \/>\t\t\t\t\t\t<\/div>\n\t\t\t\t\t\t\t\t\t\t\t\t\t<div class=\"premium-blog-thumbnail-overlay\">\n\t\t\t\t\t\t\t\t<a class=\"elementor-icon\" href=\"https:\/\/ene.com.ar\/index.php\/2024\/03\/05\/la-importancia-de-establecer-limites-en-ninos-con-desafios-construyendo-seguridad-y-orientacion\/\" target=\"_self\"><\/a>\n\t\t\t\t\t\t\t<\/div>\n\n\t\t\t\t\t\t\t\t\t\t\t\t\t\t\t\t\t\t<\/div>\n\t\t\t\t\t\t\t\t\t\t\t\t<div class=\"premium-blog-content-wrapper \">\n\n\t\t\t\t\t<div class=\"premium-blog-inner-container\">\n\n\t\t\t\t\t\t\t\t\t\t\t\t\t\t<h1 class=\"premium-blog-entry-title\">\n\t\t\t<a href=\"https:\/\/ene.com.ar\/index.php\/2024\/03\/05\/la-importancia-de-establecer-limites-en-ninos-con-desafios-construyendo-seguridad-y-orientacion\/\" target=\"_self\">\n\t\t\t\tLa Importancia de establecer l\u00edmites en ni\u00f1os con desaf\u00edos: construyendo seguridad y orientaci\u00f3n\t\t\t<\/a>\n\t\t<\/h1>\n\t\t\t\t<div class=\"premium-blog-entry-meta\">\n\t\t\t\n\t\t\t\n\t\t\t\t\t\t\t<span class=\"premium-blog-meta-separator\">\u2022<\/span>\n\t\t\t\t<div class=\"premium-blog-post-categories premium-blog-meta-data\">\n\t\t\t\t\t<i class=\"fa fa-align-left fa-fw\" aria-hidden=\"true\"><\/i>\n\t\t\t\t\t<a href=\"https:\/\/ene.com.ar\/index.php\/category\/interes-general\/\" rel=\"category tag\">Inter\u00e9s general<\/a>\t\t\t\t<\/div>\n\t\t\t\n\t\t\t\t\t<\/div>\n\t\t\n\t\t\t\t\t<\/div>\n\n\t\t\t\t\t\t\t<div class=\"premium-blog-content-inner-wrapper\">\n\t\t<p class=\"premium-blog-post-content\">Los l\u00edmites son pilares fundamentales en la crianza de los ni\u00f1os, especialmente en aquellos que enfrentan desaf\u00edos en su desarrollo. Establecer l\u00edmites claros y consistentes<\/p><div class=\"premium-blog-excerpt-link-wrap\"><a href=\"https:\/\/ene.com.ar\/index.php\/2024\/03\/05\/la-importancia-de-establecer-limites-en-ninos-con-desafios-construyendo-seguridad-y-orientacion\/\" target=\"_self\" class=\"premium-blog-excerpt-link elementor-button\">Leer m\u00e1s \u00bb<\/a><\/div>\t\t<\/div>\n\t\t\t\t\t\t\t\n\t\t\t\t<\/div>\n\t\t\t<\/div>\n\t\t<\/div>\n\n\t\t\t\t<div class=\"premium-blog-post-outer-container\" data-total=\"3\">\n\t\t\t<div class=\"premium-blog-post-container premium-blog-skin-classic\">\n\t\t\t\t\t\t\t\t\t<div class=\"premium-blog-thumb-effect-wrapper\">\n\t\t\t\t\t\t<div class=\"premium-blog-thumbnail-container premium-blog-zoomin-effect\">\n\t\t\t\t\t\t\t<img loading=\"lazy\" decoding=\"async\" width=\"1136\" height=\"678\" src=\"https:\/\/ene.com.ar\/wp-content\/uploads\/2024\/03\/Captura-de-pantalla-2024-03-05-a-las-20.42.04.png\" class=\"attachment-full size-full wp-image-1423\" alt=\"\" srcset=\"https:\/\/ene.com.ar\/wp-content\/uploads\/2024\/03\/Captura-de-pantalla-2024-03-05-a-las-20.42.04.png 1136w, https:\/\/ene.com.ar\/wp-content\/uploads\/2024\/03\/Captura-de-pantalla-2024-03-05-a-las-20.42.04-300x179.png 300w, https:\/\/ene.com.ar\/wp-content\/uploads\/2024\/03\/Captura-de-pantalla-2024-03-05-a-las-20.42.04-1024x611.png 1024w, https:\/\/ene.com.ar\/wp-content\/uploads\/2024\/03\/Captura-de-pantalla-2024-03-05-a-las-20.42.04-768x458.png 768w, https:\/\/ene.com.ar\/wp-content\/uploads\/2024\/03\/Captura-de-pantalla-2024-03-05-a-las-20.42.04-370x221.png 370w, https:\/\/ene.com.ar\/wp-content\/uploads\/2024\/03\/Captura-de-pantalla-2024-03-05-a-las-20.42.04-840x501.png 840w, https:\/\/ene.com.ar\/wp-content\/uploads\/2024\/03\/Captura-de-pantalla-2024-03-05-a-las-20.42.04-410x245.png 410w, https:\/\/ene.com.ar\/wp-content\/uploads\/2024\/03\/Captura-de-pantalla-2024-03-05-a-las-20.42.04-600x358.png 600w\" sizes=\"(max-width: 1136px) 100vw, 1136px\" \/>\t\t\t\t\t\t<\/div>\n\t\t\t\t\t\t\t\t\t\t\t\t\t<div class=\"premium-blog-thumbnail-overlay\">\n\t\t\t\t\t\t\t\t<a class=\"elementor-icon\" href=\"https:\/\/ene.com.ar\/index.php\/2024\/03\/05\/la-importancia-de-los-equipos-interdisciplinarios-en-el-abordaje-integral-de-ninos-con-desafios-en-el-neurodesarrollo\/\" target=\"_self\"><\/a>\n\t\t\t\t\t\t\t<\/div>\n\n\t\t\t\t\t\t\t\t\t\t\t\t\t\t\t\t\t\t<\/div>\n\t\t\t\t\t\t\t\t\t\t\t\t<div class=\"premium-blog-content-wrapper \">\n\n\t\t\t\t\t<div class=\"premium-blog-inner-container\">\n\n\t\t\t\t\t\t\t\t\t\t\t\t\t\t<h1 class=\"premium-blog-entry-title\">\n\t\t\t<a href=\"https:\/\/ene.com.ar\/index.php\/2024\/03\/05\/la-importancia-de-los-equipos-interdisciplinarios-en-el-abordaje-integral-de-ninos-con-desafios-en-el-neurodesarrollo\/\" target=\"_self\">\n\t\t\t\tLa importancia de los equipos interdisciplinarios en el abordaje integral de ni\u00f1os con desaf\u00edos en el neurodesarrollo\t\t\t<\/a>\n\t\t<\/h1>\n\t\t\t\t<div class=\"premium-blog-entry-meta\">\n\t\t\t\n\t\t\t\n\t\t\t\t\t\t\t<span class=\"premium-blog-meta-separator\">\u2022<\/span>\n\t\t\t\t<div class=\"premium-blog-post-categories premium-blog-meta-data\">\n\t\t\t\t\t<i class=\"fa fa-align-left fa-fw\" aria-hidden=\"true\"><\/i>\n\t\t\t\t\t<a href=\"https:\/\/ene.com.ar\/index.php\/category\/interes-general\/\" rel=\"category tag\">Inter\u00e9s general<\/a>\t\t\t\t<\/div>\n\t\t\t\n\t\t\t\t\t<\/div>\n\t\t\n\t\t\t\t\t<\/div>\n\n\t\t\t\t\t\t\t<div class=\"premium-blog-content-inner-wrapper\">\n\t\t<p class=\"premium-blog-post-content\">En el campo de la atenci\u00f3n m\u00e9dica y terap\u00e9utica, el enfoque interdisciplinario se ha vuelto cada vez m\u00e1s crucial, especialmente en el tratamiento de ni\u00f1os<\/p><div class=\"premium-blog-excerpt-link-wrap\"><a href=\"https:\/\/ene.com.ar\/index.php\/2024\/03\/05\/la-importancia-de-los-equipos-interdisciplinarios-en-el-abordaje-integral-de-ninos-con-desafios-en-el-neurodesarrollo\/\" target=\"_self\" class=\"premium-blog-excerpt-link elementor-button\">Leer m\u00e1s \u00bb<\/a><\/div>\t\t<\/div>\n\t\t\t\t\t\t\t\n\t\t\t\t<\/div>\n\t\t\t<\/div>\n\t\t<\/div>\n\n\t\t\t\t\t\t\t<\/div>\n\n\t\t\t\t\t<div class=\"premium-blog-footer\">\n\t\t\t\t\t\t\t<nav class=\"premium-blog-pagination-container\" role=\"navigation\" aria-label=\"Paginaci\u00f3n\">\n\t\t\t\t<span aria-current=\"page\" class=\"page-numbers current\">1<\/span>\n<a class=\"page-numbers\" href=\"https:\/\/ene.com.ar\/index.php\/wp-json\/wp\/v2\/pages\/17\/page\/2\/\">2<\/a>\n<a class=\"page-numbers\" href=\"https:\/\/ene.com.ar\/index.php\/wp-json\/wp\/v2\/pages\/17\/page\/3\/\">3<\/a>\n<a class=\"next page-numbers\" href=\"https:\/\/ene.com.ar\/index.php\/wp-json\/wp\/v2\/pages\/17\/page\/2\/\">Siguiente \u00bb<\/a>\t\t\t<\/nav>\n\t\t\t\t\t\t<\/div>\n\t\t\n\t\t\n\t\t\t\t\t\t<\/div>\n\t\t\t\t<\/div>\n\t\t\t\t\t<\/div>\n\t\t\t\t<\/div>\n\t\t\t\t<\/div>\n\t\t","protected":false},"excerpt":{"rendered":"<p>Art\u00edculos Lectura para padres El M\u00e9todo ABA: su significado, aplicaci\u00f3n y adaptaci\u00f3n en Argentina para ni\u00f1os con TEA El M\u00e9todo ABA: su significado, aplicaci\u00f3n y adaptaci\u00f3n en Argentina para ni\u00f1os&hellip;<\/p>\n","protected":false},"author":1,"featured_media":0,"parent":0,"menu_order":0,"comment_status":"closed","ping_status":"closed","template":"","meta":{"_joinchat":[],"footnotes":""},"class_list":["post-17","page","type-page","status-publish","hentry"],"_links":{"self":[{"href":"https:\/\/ene.com.ar\/index.php\/wp-json\/wp\/v2\/pages\/17","targetHints":{"allow":["GET"]}}],"collection":[{"href":"https:\/\/ene.com.ar\/index.php\/wp-json\/wp\/v2\/pages"}],"about":[{"href":"https:\/\/ene.com.ar\/index.php\/wp-json\/wp\/v2\/types\/page"}],"author":[{"embeddable":true,"href":"https:\/\/ene.com.ar\/index.php\/wp-json\/wp\/v2\/users\/1"}],"replies":[{"embeddable":true,"href":"https:\/\/ene.com.ar\/index.php\/wp-json\/wp\/v2\/comments?post=17"}],"version-history":[{"count":31,"href":"https:\/\/ene.com.ar\/index.php\/wp-json\/wp\/v2\/pages\/17\/revisions"}],"predecessor-version":[{"id":1683,"href":"https:\/\/ene.com.ar\/index.php\/wp-json\/wp\/v2\/pages\/17\/revisions\/1683"}],"wp:attachment":[{"href":"https:\/\/ene.com.ar\/index.php\/wp-json\/wp\/v2\/media?parent=17"}],"curies":[{"name":"wp","href":"https:\/\/api.w.org\/{rel}","templated":true}]}}