{"id":559,"date":"2024-02-23T23:08:16","date_gmt":"2024-02-24T02:08:16","guid":{"rendered":"https:\/\/ene.com.ar\/?page_id=559"},"modified":"2024-02-28T14:40:38","modified_gmt":"2024-02-28T17:40:38","slug":"fonoaudiologia","status":"publish","type":"page","link":"https:\/\/ene.com.ar\/index.php\/terapias\/fonoaudiologia\/","title":{"rendered":"FONOAUDIOLOG\u00cdA"},"content":{"rendered":"\t\t<div data-elementor-type=\"wp-page\" data-elementor-id=\"559\" class=\"elementor elementor-559\">\n\t\t\t\t<div class=\"elementor-element elementor-element-0c9cae4 e-flex e-con-boxed sc_inner_width_none sc_layouts_column_icons_position_left e-con e-parent\" data-id=\"0c9cae4\" data-element_type=\"container\" data-e-type=\"container\">\n\t\t\t\t\t<div class=\"e-con-inner\">\n\t\t<div class=\"elementor-element elementor-element-2ded44a e-con-full e-flex sc_inner_width_none sc_layouts_column_icons_position_left e-con e-child\" data-id=\"2ded44a\" data-element_type=\"container\" data-e-type=\"container\">\n\t\t\t\t<div class=\"elementor-element elementor-element-71719f1 animation_type_block sc_fly_static elementor-invisible elementor-widget elementor-widget-image\" data-id=\"71719f1\" data-element_type=\"widget\" data-e-type=\"widget\" data-settings=\"{&quot;_animation&quot;:&quot;medeus-fadeinup&quot;}\" data-widget_type=\"image.default\">\n\t\t\t\t<div class=\"elementor-widget-container\">\n\t\t\t\t\t\t\t\t\t\t\t\t\t\t\t<img fetchpriority=\"high\" decoding=\"async\" width=\"1024\" height=\"966\" src=\"https:\/\/ene.com.ar\/wp-content\/uploads\/2024\/02\/fono3-1024x966.webp\" class=\"attachment-large size-large wp-image-1035\" alt=\"\" srcset=\"https:\/\/ene.com.ar\/wp-content\/uploads\/2024\/02\/fono3-1024x966.webp 1024w, https:\/\/ene.com.ar\/wp-content\/uploads\/2024\/02\/fono3-300x283.webp 300w, https:\/\/ene.com.ar\/wp-content\/uploads\/2024\/02\/fono3-768x725.webp 768w, https:\/\/ene.com.ar\/wp-content\/uploads\/2024\/02\/fono3-370x349.webp 370w, https:\/\/ene.com.ar\/wp-content\/uploads\/2024\/02\/fono3-840x792.webp 840w, https:\/\/ene.com.ar\/wp-content\/uploads\/2024\/02\/fono3-410x387.webp 410w, https:\/\/ene.com.ar\/wp-content\/uploads\/2024\/02\/fono3-600x566.webp 600w, https:\/\/ene.com.ar\/wp-content\/uploads\/2024\/02\/fono3.webp 1236w\" sizes=\"(max-width: 1024px) 100vw, 1024px\" \/>\t\t\t\t\t\t\t\t\t\t\t\t\t\t\t<\/div>\n\t\t\t\t<\/div>\n\t\t\t\t<\/div>\n\t\t<div class=\"elementor-element elementor-element-c36e7c1 e-con-full e-flex sc_inner_width_none sc_layouts_column_icons_position_left e-con e-child\" data-id=\"c36e7c1\" data-element_type=\"container\" data-e-type=\"container\">\n\t\t\t\t<div class=\"elementor-element elementor-element-92e2a05 animation_type_block sc_fly_static elementor-invisible elementor-widget elementor-widget-trx_sc_icons\" data-id=\"92e2a05\" data-element_type=\"widget\" data-e-type=\"widget\" data-settings=\"{&quot;_animation&quot;:&quot;medeus-fadeinup&quot;,&quot;_animation_delay&quot;:70}\" data-widget_type=\"trx_sc_icons.default\">\n\t\t\t\t<div class=\"elementor-widget-container\">\n\t\t\t\t\t<div \tclass=\"sc_icons sc_icons_hover2 sc_icons_size_large sc_align_left\" ><div class=\"sc_icons_item with_more\"><div class=\"sc_icons_icon sc_icon_type_ icon-012-ears\" style=\"color: var(--e-global-color-accent)\" ><span class=\"sc_icon_type_ icon-012-ears\" style=\"color: var(--e-global-color-accent)\"><\/span><\/div><div class=\"sc_icons_item_details\"><h4 class=\"sc_icons_item_title\" style=\"color:#0A1A3B;\"><span>FONOAUDIOLOGIA\u00a0<\/span><\/h4><div class=\"sc_icons_item_description\" style=\"color:var(--e-global-color-secondary);\"><span>La terapia de fonoaudiolog\u00eda es esencial para ayudar a personas de todas las edades a superar dificultades en la comunicaci\u00f3n y la degluci\u00f3n, mejorando as\u00ed su calidad de vida y su capacidad para participar plenamente en actividades diarias y sociales.<\/span><\/div><\/div><\/div><\/div><!-- \/.sc_icons -->\t\t\t\t<\/div>\n\t\t\t\t<\/div>\n\t\t\t\t<\/div>\n\t\t\t\t\t<\/div>\n\t\t\t\t<\/div>\n\t\t<div class=\"elementor-element elementor-element-2c50e65 e-flex e-con-boxed sc_inner_width_none sc_layouts_column_icons_position_left e-con e-parent\" data-id=\"2c50e65\" data-element_type=\"container\" data-e-type=\"container\">\n\t\t\t\t\t<div class=\"e-con-inner\">\n\t\t<div class=\"elementor-element elementor-element-71f11e8 e-con-full e-flex sc_inner_width_none sc_layouts_column_icons_position_left e-con e-child\" data-id=\"71f11e8\" data-element_type=\"container\" data-e-type=\"container\">\n\t\t\t\t<div class=\"elementor-element elementor-element-d62c36e animation_type_block sc_fly_static elementor-invisible elementor-widget elementor-widget-text-editor\" data-id=\"d62c36e\" data-element_type=\"widget\" data-e-type=\"widget\" data-settings=\"{&quot;_animation&quot;:&quot;medeus-fadeinup&quot;,&quot;_animation_delay&quot;:140}\" data-widget_type=\"text-editor.default\">\n\t\t\t\t<div class=\"elementor-widget-container\">\n\t\t\t\t\t\t\t\t\t<p>La terapia de fonoaudiolog\u00eda es un enfoque especializado que se centra en evaluar, diagnosticar y tratar trastornos relacionados con la comunicaci\u00f3n, el habla, el lenguaje, la voz y la degluci\u00f3n. Los fonoaudi\u00f3logos utilizan una variedad de t\u00e9cnicas y ejercicios personalizados para abordar las necesidades individuales de cada paciente. Esto puede incluir ejercicios de pronunciaci\u00f3n, actividades para mejorar la comprensi\u00f3n del lenguaje, t\u00e9cnicas para fortalecer los m\u00fasculos involucrados en la degluci\u00f3n, y mucho m\u00e1s.<\/p>\t\t\t\t\t\t\t\t<\/div>\n\t\t\t\t<\/div>\n\t\t\t\t<div class=\"elementor-element elementor-element-8b824f1 animation_type_block sc_fly_static elementor-invisible elementor-widget elementor-widget-image\" data-id=\"8b824f1\" data-element_type=\"widget\" data-e-type=\"widget\" data-settings=\"{&quot;_animation&quot;:&quot;medeus-fadeinup&quot;}\" data-widget_type=\"image.default\">\n\t\t\t\t<div class=\"elementor-widget-container\">\n\t\t\t\t\t\t\t\t\t\t\t\t\t\t\t<img decoding=\"async\" width=\"889\" height=\"1024\" src=\"https:\/\/ene.com.ar\/wp-content\/uploads\/2024\/02\/fono4-889x1024.webp\" class=\"attachment-large size-large wp-image-1036\" alt=\"\" srcset=\"https:\/\/ene.com.ar\/wp-content\/uploads\/2024\/02\/fono4-889x1024.webp 889w, https:\/\/ene.com.ar\/wp-content\/uploads\/2024\/02\/fono4-260x300.webp 260w, https:\/\/ene.com.ar\/wp-content\/uploads\/2024\/02\/fono4-768x885.webp 768w, https:\/\/ene.com.ar\/wp-content\/uploads\/2024\/02\/fono4-370x426.webp 370w, https:\/\/ene.com.ar\/wp-content\/uploads\/2024\/02\/fono4-840x968.webp 840w, https:\/\/ene.com.ar\/wp-content\/uploads\/2024\/02\/fono4-410x472.webp 410w, https:\/\/ene.com.ar\/wp-content\/uploads\/2024\/02\/fono4-600x691.webp 600w, https:\/\/ene.com.ar\/wp-content\/uploads\/2024\/02\/fono4.webp 1078w\" sizes=\"(max-width: 889px) 100vw, 889px\" \/>\t\t\t\t\t\t\t\t\t\t\t\t\t\t\t<\/div>\n\t\t\t\t<\/div>\n\t\t\t\t<\/div>\n\t\t<div class=\"elementor-element elementor-element-f0720ae e-con-full e-flex sc_inner_width_none sc_layouts_column_icons_position_left e-con e-child\" data-id=\"f0720ae\" data-element_type=\"container\" data-e-type=\"container\">\n\t\t\t\t<div class=\"elementor-element elementor-element-03df31d animation_type_block sc_fly_static elementor-invisible elementor-widget elementor-widget-image\" data-id=\"03df31d\" data-element_type=\"widget\" data-e-type=\"widget\" data-settings=\"{&quot;_animation&quot;:&quot;medeus-fadeinup&quot;,&quot;_animation_delay&quot;:140}\" data-widget_type=\"image.default\">\n\t\t\t\t<div class=\"elementor-widget-container\">\n\t\t\t\t\t\t\t\t\t\t\t\t\t\t\t<img decoding=\"async\" width=\"772\" height=\"1024\" src=\"https:\/\/ene.com.ar\/wp-content\/uploads\/2024\/02\/fono1-772x1024.webp\" class=\"attachment-large size-large wp-image-1033\" alt=\"\" srcset=\"https:\/\/ene.com.ar\/wp-content\/uploads\/2024\/02\/fono1-772x1024.webp 772w, https:\/\/ene.com.ar\/wp-content\/uploads\/2024\/02\/fono1-226x300.webp 226w, https:\/\/ene.com.ar\/wp-content\/uploads\/2024\/02\/fono1-768x1019.webp 768w, https:\/\/ene.com.ar\/wp-content\/uploads\/2024\/02\/fono1-1157x1536.webp 1157w, https:\/\/ene.com.ar\/wp-content\/uploads\/2024\/02\/fono1-370x491.webp 370w, https:\/\/ene.com.ar\/wp-content\/uploads\/2024\/02\/fono1-840x1115.webp 840w, https:\/\/ene.com.ar\/wp-content\/uploads\/2024\/02\/fono1-410x544.webp 410w, https:\/\/ene.com.ar\/wp-content\/uploads\/2024\/02\/fono1-600x796.webp 600w, https:\/\/ene.com.ar\/wp-content\/uploads\/2024\/02\/fono1.webp 1296w\" sizes=\"(max-width: 772px) 100vw, 772px\" \/>\t\t\t\t\t\t\t\t\t\t\t\t\t\t\t<\/div>\n\t\t\t\t<\/div>\n\t\t\t\t<\/div>\n\t\t\t\t\t<\/div>\n\t\t\t\t<\/div>\n\t\t\t\t<\/div>\n\t\t","protected":false},"excerpt":{"rendered":"<p>FONOAUDIOLOGIA\u00a0 La terapia de fonoaudiolog\u00eda es esencial para ayudar a personas de todas las edades a superar dificultades en la comunicaci\u00f3n y la degluci\u00f3n, mejorando as\u00ed su calidad de vida&hellip;<\/p>\n","protected":false},"author":1,"featured_media":0,"parent":13,"menu_order":0,"comment_status":"closed","ping_status":"closed","template":"","meta":{"_joinchat":[],"footnotes":""},"class_list":["post-559","page","type-page","status-publish","hentry"],"_links":{"self":[{"href":"https:\/\/ene.com.ar\/index.php\/wp-json\/wp\/v2\/pages\/559","targetHints":{"allow":["GET"]}}],"collection":[{"href":"https:\/\/ene.com.ar\/index.php\/wp-json\/wp\/v2\/pages"}],"about":[{"href":"https:\/\/ene.com.ar\/index.php\/wp-json\/wp\/v2\/types\/page"}],"author":[{"embeddable":true,"href":"https:\/\/ene.com.ar\/index.php\/wp-json\/wp\/v2\/users\/1"}],"replies":[{"embeddable":true,"href":"https:\/\/ene.com.ar\/index.php\/wp-json\/wp\/v2\/comments?post=559"}],"version-history":[{"count":32,"href":"https:\/\/ene.com.ar\/index.php\/wp-json\/wp\/v2\/pages\/559\/revisions"}],"predecessor-version":[{"id":1160,"href":"https:\/\/ene.com.ar\/index.php\/wp-json\/wp\/v2\/pages\/559\/revisions\/1160"}],"up":[{"embeddable":true,"href":"https:\/\/ene.com.ar\/index.php\/wp-json\/wp\/v2\/pages\/13"}],"wp:attachment":[{"href":"https:\/\/ene.com.ar\/index.php\/wp-json\/wp\/v2\/media?parent=559"}],"curies":[{"name":"wp","href":"https:\/\/api.w.org\/{rel}","templated":true}]}}