{"id":564,"date":"2024-02-23T23:10:26","date_gmt":"2024-02-24T02:10:26","guid":{"rendered":"https:\/\/ene.com.ar\/?page_id=564"},"modified":"2024-02-28T13:27:45","modified_gmt":"2024-02-28T16:27:45","slug":"psicologia","status":"publish","type":"page","link":"https:\/\/ene.com.ar\/index.php\/terapias\/psicologia\/","title":{"rendered":"PSICOLOGIA"},"content":{"rendered":"\t\t<div data-elementor-type=\"wp-page\" data-elementor-id=\"564\" class=\"elementor elementor-564\">\n\t\t\t\t<div class=\"elementor-element elementor-element-3dc13d1 e-flex e-con-boxed sc_inner_width_none sc_layouts_column_icons_position_left e-con e-parent\" data-id=\"3dc13d1\" data-element_type=\"container\" data-e-type=\"container\">\n\t\t\t\t\t<div class=\"e-con-inner\">\n\t\t<div class=\"elementor-element elementor-element-b5bf6a1 e-con-full e-flex sc_inner_width_none sc_layouts_column_icons_position_left e-con e-child\" data-id=\"b5bf6a1\" data-element_type=\"container\" data-e-type=\"container\">\n\t\t\t\t<div class=\"elementor-element elementor-element-36b8e2a animation_type_block sc_fly_static elementor-invisible elementor-widget elementor-widget-image\" data-id=\"36b8e2a\" data-element_type=\"widget\" data-e-type=\"widget\" data-settings=\"{&quot;_animation&quot;:&quot;medeus-fadeinup&quot;,&quot;_animation_delay&quot;:140}\" data-widget_type=\"image.default\">\n\t\t\t\t<div class=\"elementor-widget-container\">\n\t\t\t\t\t\t\t\t\t\t\t\t\t\t\t<img fetchpriority=\"high\" decoding=\"async\" width=\"1024\" height=\"1008\" src=\"https:\/\/ene.com.ar\/wp-content\/uploads\/2024\/02\/psico5-1024x1008.png\" class=\"attachment-large size-large wp-image-1089\" alt=\"\" srcset=\"https:\/\/ene.com.ar\/wp-content\/uploads\/2024\/02\/psico5-1024x1008.png 1024w, https:\/\/ene.com.ar\/wp-content\/uploads\/2024\/02\/psico5-300x295.png 300w, https:\/\/ene.com.ar\/wp-content\/uploads\/2024\/02\/psico5-768x756.png 768w, https:\/\/ene.com.ar\/wp-content\/uploads\/2024\/02\/psico5-370x364.png 370w, https:\/\/ene.com.ar\/wp-content\/uploads\/2024\/02\/psico5-840x827.png 840w, https:\/\/ene.com.ar\/wp-content\/uploads\/2024\/02\/psico5-410x404.png 410w, https:\/\/ene.com.ar\/wp-content\/uploads\/2024\/02\/psico5-600x591.png 600w, https:\/\/ene.com.ar\/wp-content\/uploads\/2024\/02\/psico5.png 1308w\" sizes=\"(max-width: 1024px) 100vw, 1024px\" \/>\t\t\t\t\t\t\t\t\t\t\t\t\t\t\t<\/div>\n\t\t\t\t<\/div>\n\t\t\t\t<div class=\"elementor-element elementor-element-4ba7282 animation_type_block sc_fly_static elementor-invisible elementor-widget elementor-widget-image\" data-id=\"4ba7282\" data-element_type=\"widget\" data-e-type=\"widget\" data-settings=\"{&quot;_animation&quot;:&quot;medeus-fadeinup&quot;,&quot;_animation_delay&quot;:140}\" data-widget_type=\"image.default\">\n\t\t\t\t<div class=\"elementor-widget-container\">\n\t\t\t\t\t\t\t\t\t\t\t\t\t\t\t<img decoding=\"async\" width=\"798\" height=\"1024\" src=\"https:\/\/ene.com.ar\/wp-content\/uploads\/2024\/02\/psico1-798x1024.png\" class=\"attachment-large size-large wp-image-1093\" alt=\"\" srcset=\"https:\/\/ene.com.ar\/wp-content\/uploads\/2024\/02\/psico1-798x1024.png 798w, https:\/\/ene.com.ar\/wp-content\/uploads\/2024\/02\/psico1-234x300.png 234w, https:\/\/ene.com.ar\/wp-content\/uploads\/2024\/02\/psico1-768x985.png 768w, https:\/\/ene.com.ar\/wp-content\/uploads\/2024\/02\/psico1-370x475.png 370w, https:\/\/ene.com.ar\/wp-content\/uploads\/2024\/02\/psico1-840x1077.png 840w, https:\/\/ene.com.ar\/wp-content\/uploads\/2024\/02\/psico1-410x526.png 410w, https:\/\/ene.com.ar\/wp-content\/uploads\/2024\/02\/psico1-600x770.png 600w, https:\/\/ene.com.ar\/wp-content\/uploads\/2024\/02\/psico1.png 1132w\" sizes=\"(max-width: 798px) 100vw, 798px\" \/>\t\t\t\t\t\t\t\t\t\t\t\t\t\t\t<\/div>\n\t\t\t\t<\/div>\n\t\t\t\t<\/div>\n\t\t<div class=\"elementor-element elementor-element-0adfc75 e-con-full e-flex sc_inner_width_none sc_layouts_column_icons_position_left e-con e-child\" data-id=\"0adfc75\" data-element_type=\"container\" data-e-type=\"container\">\n\t\t\t\t<div class=\"elementor-element elementor-element-f4cb0d6 animation_type_block sc_fly_static elementor-invisible elementor-widget elementor-widget-trx_sc_icons\" data-id=\"f4cb0d6\" data-element_type=\"widget\" data-e-type=\"widget\" data-settings=\"{&quot;_animation&quot;:&quot;medeus-fadeinup&quot;}\" data-widget_type=\"trx_sc_icons.default\">\n\t\t\t\t<div class=\"elementor-widget-container\">\n\t\t\t\t\t<div \tclass=\"sc_icons sc_icons_hover2 sc_icons_size_large sc_align_left\" ><div class=\"sc_icons_item\"><div class=\"sc_icons_icon sc_icon_type_ icon-006-brain\" style=\"color: var(--e-global-color-accent)\" ><span class=\"sc_icon_type_ icon-006-brain\" style=\"color: var(--e-global-color-accent)\"><\/span><\/div><div class=\"sc_icons_item_details\"><h4 class=\"sc_icons_item_title\" style=\"color:#0A1A3B;\"><span>PSICOLOGIA<\/span><\/h4><div class=\"sc_icons_item_description\"><span>Se trata de una terapia psicol\u00f3gica integral para ni\u00f1os y sus familias. Ofrecemos una amplia gama de enfoques terap\u00e9uticos dise\u00f1ados para abordar las necesidades individuales de cada ni\u00f1o y su familia. Desde el tratamiento cognitivo conductual TCC, trabajando para identificar y cambiar patrones de pensamiento y comportamiento que causan malestar o dificultan en  el funcionamiento saludable, hasta el an\u00e1lisis aplicado  de la conducta ABA, basado en la ciencia del comportamiento que se enfoca en entender c\u00f3mo las interacciones entre  el individuo y su entorno afectan su comportamiento, se utilizan t\u00e9cnicas y estrategias espec\u00edficas para promover cambios positivos en el comportamiento y mejorar la calidad de vida de las personas.<\/span><\/div><\/div><\/div><\/div><!-- \/.sc_icons -->\t\t\t\t<\/div>\n\t\t\t\t<\/div>\n\t\t\t\t<\/div>\n\t\t\t\t\t<\/div>\n\t\t\t\t<\/div>\n\t\t<div class=\"elementor-element elementor-element-4337747 e-flex e-con-boxed sc_inner_width_none sc_layouts_column_icons_position_left e-con e-parent\" data-id=\"4337747\" data-element_type=\"container\" data-e-type=\"container\">\n\t\t\t\t\t<div class=\"e-con-inner\">\n\t\t<div class=\"elementor-element elementor-element-abb7357 e-con-full e-flex sc_inner_width_none sc_layouts_column_icons_position_left e-con e-child\" data-id=\"abb7357\" data-element_type=\"container\" data-e-type=\"container\">\n\t\t\t\t<div class=\"elementor-element elementor-element-a966675 animation_type_block sc_fly_static elementor-invisible elementor-widget elementor-widget-text-editor\" data-id=\"a966675\" data-element_type=\"widget\" data-e-type=\"widget\" data-settings=\"{&quot;_animation&quot;:&quot;medeus-fadeinup&quot;,&quot;_animation_delay&quot;:140}\" data-widget_type=\"text-editor.default\">\n\t\t\t\t<div class=\"elementor-widget-container\">\n\t\t\t\t\t\t\t\t\t<p>Nuestros psic\u00f3logos trabajan en estrecha colaboraci\u00f3n con cada agente que interviene en la vida del ni\u00f1o para desarrollar estrategias que fomenten su desarrollo y bienestar. Adem\u00e1s ofrecemos un enfoque integral que incluye orientaci\u00f3n a padres y trabajo con la din\u00e1mica familiar entendiendo que el apoyo familiar es fundamental en el proceso terap\u00e9utico por lo que nos esforzamos en proporcionar las herramientas y el sost\u00e9n para que sus hijos logren alcanzar su m\u00e1ximo potencial. Todas nuestras intervenciones son basadas en evidencia cient\u00edfica.<\/p>\t\t\t\t\t\t\t\t<\/div>\n\t\t\t\t<\/div>\n\t\t\t\t<div class=\"elementor-element elementor-element-83214a9 animation_type_block sc_fly_static elementor-invisible elementor-widget elementor-widget-image\" data-id=\"83214a9\" data-element_type=\"widget\" data-e-type=\"widget\" data-settings=\"{&quot;_animation&quot;:&quot;medeus-fadeinup&quot;,&quot;_animation_delay&quot;:140}\" data-widget_type=\"image.default\">\n\t\t\t\t<div class=\"elementor-widget-container\">\n\t\t\t\t\t\t\t\t\t\t\t\t\t\t\t<img decoding=\"async\" width=\"797\" height=\"1024\" src=\"https:\/\/ene.com.ar\/wp-content\/uploads\/2024\/02\/psico4-797x1024.png\" class=\"attachment-large size-large wp-image-1090\" alt=\"\" srcset=\"https:\/\/ene.com.ar\/wp-content\/uploads\/2024\/02\/psico4-797x1024.png 797w, https:\/\/ene.com.ar\/wp-content\/uploads\/2024\/02\/psico4-234x300.png 234w, https:\/\/ene.com.ar\/wp-content\/uploads\/2024\/02\/psico4-768x986.png 768w, https:\/\/ene.com.ar\/wp-content\/uploads\/2024\/02\/psico4-370x475.png 370w, https:\/\/ene.com.ar\/wp-content\/uploads\/2024\/02\/psico4-840x1079.png 840w, https:\/\/ene.com.ar\/wp-content\/uploads\/2024\/02\/psico4-410x527.png 410w, https:\/\/ene.com.ar\/wp-content\/uploads\/2024\/02\/psico4-600x771.png 600w, https:\/\/ene.com.ar\/wp-content\/uploads\/2024\/02\/psico4.png 1196w\" sizes=\"(max-width: 797px) 100vw, 797px\" \/>\t\t\t\t\t\t\t\t\t\t\t\t\t\t\t<\/div>\n\t\t\t\t<\/div>\n\t\t\t\t<\/div>\n\t\t<div class=\"elementor-element elementor-element-da99dbd e-con-full e-flex sc_inner_width_none sc_layouts_column_icons_position_left e-con e-child\" data-id=\"da99dbd\" data-element_type=\"container\" data-e-type=\"container\">\n\t\t\t\t<div class=\"elementor-element elementor-element-b66edbe animation_type_block sc_fly_static elementor-invisible elementor-widget elementor-widget-image\" data-id=\"b66edbe\" data-element_type=\"widget\" data-e-type=\"widget\" data-settings=\"{&quot;_animation&quot;:&quot;medeus-fadeinup&quot;}\" data-widget_type=\"image.default\">\n\t\t\t\t<div class=\"elementor-widget-container\">\n\t\t\t\t\t\t\t\t\t\t\t\t\t\t\t<img loading=\"lazy\" decoding=\"async\" width=\"867\" height=\"1024\" src=\"https:\/\/ene.com.ar\/wp-content\/uploads\/2024\/02\/psico3-867x1024.png\" class=\"attachment-large size-large wp-image-1091\" alt=\"\" srcset=\"https:\/\/ene.com.ar\/wp-content\/uploads\/2024\/02\/psico3-867x1024.png 867w, https:\/\/ene.com.ar\/wp-content\/uploads\/2024\/02\/psico3-254x300.png 254w, https:\/\/ene.com.ar\/wp-content\/uploads\/2024\/02\/psico3-768x908.png 768w, https:\/\/ene.com.ar\/wp-content\/uploads\/2024\/02\/psico3-370x437.png 370w, https:\/\/ene.com.ar\/wp-content\/uploads\/2024\/02\/psico3-840x993.png 840w, https:\/\/ene.com.ar\/wp-content\/uploads\/2024\/02\/psico3-410x484.png 410w, https:\/\/ene.com.ar\/wp-content\/uploads\/2024\/02\/psico3-600x709.png 600w, https:\/\/ene.com.ar\/wp-content\/uploads\/2024\/02\/psico3.png 1200w\" sizes=\"(max-width: 867px) 100vw, 867px\" \/>\t\t\t\t\t\t\t\t\t\t\t\t\t\t\t<\/div>\n\t\t\t\t<\/div>\n\t\t\t\t<div class=\"elementor-element elementor-element-cd6e1f2 animation_type_block sc_fly_static elementor-invisible elementor-widget elementor-widget-image\" data-id=\"cd6e1f2\" data-element_type=\"widget\" data-e-type=\"widget\" data-settings=\"{&quot;_animation&quot;:&quot;medeus-fadeinup&quot;,&quot;_animation_delay&quot;:140}\" data-widget_type=\"image.default\">\n\t\t\t\t<div class=\"elementor-widget-container\">\n\t\t\t\t\t\t\t\t\t\t\t\t\t\t\t<img loading=\"lazy\" decoding=\"async\" width=\"944\" height=\"1024\" src=\"https:\/\/ene.com.ar\/wp-content\/uploads\/2024\/02\/psico2-944x1024.png\" class=\"attachment-large size-large wp-image-1092\" alt=\"\" srcset=\"https:\/\/ene.com.ar\/wp-content\/uploads\/2024\/02\/psico2-944x1024.png 944w, https:\/\/ene.com.ar\/wp-content\/uploads\/2024\/02\/psico2-277x300.png 277w, https:\/\/ene.com.ar\/wp-content\/uploads\/2024\/02\/psico2-768x833.png 768w, https:\/\/ene.com.ar\/wp-content\/uploads\/2024\/02\/psico2-1416x1536.png 1416w, https:\/\/ene.com.ar\/wp-content\/uploads\/2024\/02\/psico2-370x401.png 370w, https:\/\/ene.com.ar\/wp-content\/uploads\/2024\/02\/psico2-840x911.png 840w, https:\/\/ene.com.ar\/wp-content\/uploads\/2024\/02\/psico2-410x445.png 410w, https:\/\/ene.com.ar\/wp-content\/uploads\/2024\/02\/psico2-600x651.png 600w, https:\/\/ene.com.ar\/wp-content\/uploads\/2024\/02\/psico2.png 1420w\" sizes=\"(max-width: 944px) 100vw, 944px\" \/>\t\t\t\t\t\t\t\t\t\t\t\t\t\t\t<\/div>\n\t\t\t\t<\/div>\n\t\t\t\t<\/div>\n\t\t\t\t\t<\/div>\n\t\t\t\t<\/div>\n\t\t\t\t<\/div>\n\t\t","protected":false},"excerpt":{"rendered":"<p>PSICOLOGIA Se trata de una terapia psicol\u00f3gica integral para ni\u00f1os y sus familias. Ofrecemos una amplia gama de enfoques terap\u00e9uticos dise\u00f1ados para abordar las necesidades individuales de cada ni\u00f1o y&hellip;<\/p>\n","protected":false},"author":1,"featured_media":0,"parent":13,"menu_order":0,"comment_status":"closed","ping_status":"closed","template":"","meta":{"_joinchat":[],"footnotes":""},"class_list":["post-564","page","type-page","status-publish","hentry"],"_links":{"self":[{"href":"https:\/\/ene.com.ar\/index.php\/wp-json\/wp\/v2\/pages\/564","targetHints":{"allow":["GET"]}}],"collection":[{"href":"https:\/\/ene.com.ar\/index.php\/wp-json\/wp\/v2\/pages"}],"about":[{"href":"https:\/\/ene.com.ar\/index.php\/wp-json\/wp\/v2\/types\/page"}],"author":[{"embeddable":true,"href":"https:\/\/ene.com.ar\/index.php\/wp-json\/wp\/v2\/users\/1"}],"replies":[{"embeddable":true,"href":"https:\/\/ene.com.ar\/index.php\/wp-json\/wp\/v2\/comments?post=564"}],"version-history":[{"count":16,"href":"https:\/\/ene.com.ar\/index.php\/wp-json\/wp\/v2\/pages\/564\/revisions"}],"predecessor-version":[{"id":1105,"href":"https:\/\/ene.com.ar\/index.php\/wp-json\/wp\/v2\/pages\/564\/revisions\/1105"}],"up":[{"embeddable":true,"href":"https:\/\/ene.com.ar\/index.php\/wp-json\/wp\/v2\/pages\/13"}],"wp:attachment":[{"href":"https:\/\/ene.com.ar\/index.php\/wp-json\/wp\/v2\/media?parent=564"}],"curies":[{"name":"wp","href":"https:\/\/api.w.org\/{rel}","templated":true}]}}