{"id":568,"date":"2024-02-23T23:11:30","date_gmt":"2024-02-24T02:11:30","guid":{"rendered":"https:\/\/ene.com.ar\/?page_id=568"},"modified":"2024-02-28T13:52:39","modified_gmt":"2024-02-28T16:52:39","slug":"psicopedagogia","status":"publish","type":"page","link":"https:\/\/ene.com.ar\/index.php\/terapias\/psicopedagogia\/","title":{"rendered":"PSICOPEDAGOGIA\u00a0"},"content":{"rendered":"\t\t<div data-elementor-type=\"wp-page\" data-elementor-id=\"568\" class=\"elementor elementor-568\">\n\t\t\t\t<div class=\"elementor-element elementor-element-13b3777 e-flex e-con-boxed sc_inner_width_none sc_layouts_column_icons_position_left e-con e-parent\" data-id=\"13b3777\" data-element_type=\"container\" data-e-type=\"container\">\n\t\t\t\t\t<div class=\"e-con-inner\">\n\t\t<div class=\"elementor-element elementor-element-85b1277 e-con-full e-flex sc_inner_width_none sc_layouts_column_icons_position_left e-con e-child\" data-id=\"85b1277\" data-element_type=\"container\" data-e-type=\"container\">\n\t\t\t\t<div class=\"elementor-element elementor-element-cbd6f0b animation_type_block sc_fly_static elementor-invisible elementor-widget elementor-widget-image\" data-id=\"cbd6f0b\" data-element_type=\"widget\" data-e-type=\"widget\" data-settings=\"{&quot;_animation&quot;:&quot;medeus-fadeinup&quot;}\" data-widget_type=\"image.default\">\n\t\t\t\t<div class=\"elementor-widget-container\">\n\t\t\t\t\t\t\t\t\t\t\t\t\t\t\t<img fetchpriority=\"high\" decoding=\"async\" width=\"1024\" height=\"997\" src=\"https:\/\/ene.com.ar\/wp-content\/uploads\/2024\/02\/peda8-1024x997.webp\" class=\"attachment-large size-large wp-image-1123\" alt=\"\" srcset=\"https:\/\/ene.com.ar\/wp-content\/uploads\/2024\/02\/peda8-1024x997.webp 1024w, https:\/\/ene.com.ar\/wp-content\/uploads\/2024\/02\/peda8-300x292.webp 300w, https:\/\/ene.com.ar\/wp-content\/uploads\/2024\/02\/peda8-768x748.webp 768w, https:\/\/ene.com.ar\/wp-content\/uploads\/2024\/02\/peda8-370x360.webp 370w, https:\/\/ene.com.ar\/wp-content\/uploads\/2024\/02\/peda8-840x818.webp 840w, https:\/\/ene.com.ar\/wp-content\/uploads\/2024\/02\/peda8-410x399.webp 410w, https:\/\/ene.com.ar\/wp-content\/uploads\/2024\/02\/peda8-600x584.webp 600w, https:\/\/ene.com.ar\/wp-content\/uploads\/2024\/02\/peda8.webp 1132w\" sizes=\"(max-width: 1024px) 100vw, 1024px\" \/>\t\t\t\t\t\t\t\t\t\t\t\t\t\t\t<\/div>\n\t\t\t\t<\/div>\n\t\t\t\t<\/div>\n\t\t<div class=\"elementor-element elementor-element-ab0bf95 e-con-full e-flex sc_inner_width_none sc_layouts_column_icons_position_left e-con e-child\" data-id=\"ab0bf95\" data-element_type=\"container\" data-e-type=\"container\">\n\t\t\t\t<div class=\"elementor-element elementor-element-58f84a7 animation_type_block sc_fly_static elementor-invisible elementor-widget elementor-widget-trx_sc_icons\" data-id=\"58f84a7\" data-element_type=\"widget\" data-e-type=\"widget\" data-settings=\"{&quot;_animation&quot;:&quot;medeus-fadeinup&quot;}\" data-widget_type=\"trx_sc_icons.default\">\n\t\t\t\t<div class=\"elementor-widget-container\">\n\t\t\t\t\t<div \tclass=\"sc_icons sc_icons_hover2 sc_icons_size_large sc_align_left\" ><div class=\"sc_icons_item\"><div class=\"sc_icons_icon sc_icon_type_ icon-030-pills\" style=\"color: var(--e-global-color-accent)\" ><span class=\"sc_icon_type_ icon-030-pills\" style=\"color: var(--e-global-color-accent)\"><\/span><\/div><div class=\"sc_icons_item_details\"><h4 class=\"sc_icons_item_title\" style=\"color:#0A1A3B;\"><span>PSICOPEDAGOGIA\u00a0<\/span><\/h4><div class=\"sc_icons_item_description\"><span>La terapia de psicopedagog\u00eda es un enfoque terap\u00e9utico que combina principios de la psicolog\u00eda y la pedagog\u00eda para abordar las dificultades de aprendizaje y desarrollo en ni\u00f1os, adolescentes y adultos j\u00f3venes. Este enfoque se centra en identificar y comprender las barreras que impiden el proceso de aprendizaje, as\u00ed como en desarrollar estrategias y t\u00e9cnicas para superarlas. Nuestros  psicopedagogos est\u00e1n especializados en trabajar con individuos que presentan dificultades en \u00e1reas como la lectura, escritura, c\u00e1lculo, atenci\u00f3n, memoria, comprensi\u00f3n, organizaci\u00f3n y planificaci\u00f3n, entre otras.<\/span><\/div><\/div><\/div><\/div><!-- \/.sc_icons -->\t\t\t\t<\/div>\n\t\t\t\t<\/div>\n\t\t\t\t<\/div>\n\t\t\t\t\t<\/div>\n\t\t\t\t<\/div>\n\t\t<div class=\"elementor-element elementor-element-66051de e-flex e-con-boxed sc_inner_width_none sc_layouts_column_icons_position_left e-con e-parent\" data-id=\"66051de\" data-element_type=\"container\" data-e-type=\"container\">\n\t\t\t\t\t<div class=\"e-con-inner\">\n\t\t<div class=\"elementor-element elementor-element-6744829 e-con-full e-flex sc_inner_width_none sc_layouts_column_icons_position_left e-con e-child\" data-id=\"6744829\" data-element_type=\"container\" data-e-type=\"container\">\n\t\t\t\t<div class=\"elementor-element elementor-element-1dde37b animation_type_block sc_fly_static elementor-invisible elementor-widget elementor-widget-image\" data-id=\"1dde37b\" data-element_type=\"widget\" data-e-type=\"widget\" data-settings=\"{&quot;_animation&quot;:&quot;medeus-fadeinup&quot;,&quot;_animation_delay&quot;:140}\" data-widget_type=\"image.default\">\n\t\t\t\t<div class=\"elementor-widget-container\">\n\t\t\t\t\t\t\t\t\t\t\t\t\t\t\t<img decoding=\"async\" width=\"800\" height=\"1024\" src=\"https:\/\/ene.com.ar\/wp-content\/uploads\/2024\/02\/peda7-800x1024.webp\" class=\"attachment-large size-large wp-image-1122\" alt=\"\" srcset=\"https:\/\/ene.com.ar\/wp-content\/uploads\/2024\/02\/peda7-800x1024.webp 800w, https:\/\/ene.com.ar\/wp-content\/uploads\/2024\/02\/peda7-234x300.webp 234w, https:\/\/ene.com.ar\/wp-content\/uploads\/2024\/02\/peda7-768x984.webp 768w, https:\/\/ene.com.ar\/wp-content\/uploads\/2024\/02\/peda7-370x474.webp 370w, https:\/\/ene.com.ar\/wp-content\/uploads\/2024\/02\/peda7-840x1076.webp 840w, https:\/\/ene.com.ar\/wp-content\/uploads\/2024\/02\/peda7-410x525.webp 410w, https:\/\/ene.com.ar\/wp-content\/uploads\/2024\/02\/peda7-600x768.webp 600w, https:\/\/ene.com.ar\/wp-content\/uploads\/2024\/02\/peda7.webp 962w\" sizes=\"(max-width: 800px) 100vw, 800px\" \/>\t\t\t\t\t\t\t\t\t\t\t\t\t\t\t<\/div>\n\t\t\t\t<\/div>\n\t\t\t\t<div class=\"elementor-element elementor-element-3e6bead animation_type_block sc_fly_static elementor-invisible elementor-widget elementor-widget-text-editor\" data-id=\"3e6bead\" data-element_type=\"widget\" data-e-type=\"widget\" data-settings=\"{&quot;_animation&quot;:&quot;medeus-fadeinup&quot;,&quot;_animation_delay&quot;:140}\" data-widget_type=\"text-editor.default\">\n\t\t\t\t<div class=\"elementor-widget-container\">\n\t\t\t\t\t\t\t\t\t<p>Utilizan una variedad de m\u00e9todos de evaluaci\u00f3n para identificar las necesidades espec\u00edficas de cada persona y dise\u00f1ar intervenciones personalizadas para abordar esas necesidades. Las intervenciones en psicopedagog\u00eda pueden incluir t\u00e9cnicas de ense\u00f1anza adaptadas a las habilidades y preferencias individuales, as\u00ed como el uso de herramientas y recursos educativos especializados. Adem\u00e1s, los psicopedagogos trabajan en estrecha colaboraci\u00f3n con los padres, maestros y otros profesionales para brindar un apoyo integral y garantizar un enfoque hol\u00edstico para el desarrollo y el aprendizaje del individuo.<\/p>\t\t\t\t\t\t\t\t<\/div>\n\t\t\t\t<\/div>\n\t\t\t\t<div class=\"elementor-element elementor-element-0a60833 animation_type_block sc_fly_static elementor-invisible elementor-widget elementor-widget-image\" data-id=\"0a60833\" data-element_type=\"widget\" data-e-type=\"widget\" data-settings=\"{&quot;_animation&quot;:&quot;medeus-fadeinup&quot;}\" data-widget_type=\"image.default\">\n\t\t\t\t<div class=\"elementor-widget-container\">\n\t\t\t\t\t\t\t\t\t\t\t\t\t\t\t<img decoding=\"async\" width=\"1024\" height=\"1012\" src=\"https:\/\/ene.com.ar\/wp-content\/uploads\/2024\/02\/peda1-1024x1012.webp\" class=\"attachment-large size-large wp-image-1116\" alt=\"\" srcset=\"https:\/\/ene.com.ar\/wp-content\/uploads\/2024\/02\/peda1-1024x1012.webp 1024w, https:\/\/ene.com.ar\/wp-content\/uploads\/2024\/02\/peda1-300x297.webp 300w, https:\/\/ene.com.ar\/wp-content\/uploads\/2024\/02\/peda1-768x759.webp 768w, https:\/\/ene.com.ar\/wp-content\/uploads\/2024\/02\/peda1-370x366.webp 370w, https:\/\/ene.com.ar\/wp-content\/uploads\/2024\/02\/peda1-120x120.webp 120w, https:\/\/ene.com.ar\/wp-content\/uploads\/2024\/02\/peda1-840x830.webp 840w, https:\/\/ene.com.ar\/wp-content\/uploads\/2024\/02\/peda1-410x405.webp 410w, https:\/\/ene.com.ar\/wp-content\/uploads\/2024\/02\/peda1-600x593.webp 600w, https:\/\/ene.com.ar\/wp-content\/uploads\/2024\/02\/peda1.webp 1222w\" sizes=\"(max-width: 1024px) 100vw, 1024px\" \/>\t\t\t\t\t\t\t\t\t\t\t\t\t\t\t<\/div>\n\t\t\t\t<\/div>\n\t\t\t\t<\/div>\n\t\t<div class=\"elementor-element elementor-element-59dcf9c e-con-full e-flex sc_inner_width_none sc_layouts_column_icons_position_left e-con e-child\" data-id=\"59dcf9c\" data-element_type=\"container\" data-e-type=\"container\">\n\t\t\t\t<div class=\"elementor-element elementor-element-eb0bed0 animation_type_block sc_fly_static elementor-invisible elementor-widget elementor-widget-image\" data-id=\"eb0bed0\" data-element_type=\"widget\" data-e-type=\"widget\" data-settings=\"{&quot;_animation&quot;:&quot;medeus-fadeinup&quot;,&quot;_animation_delay&quot;:140}\" data-widget_type=\"image.default\">\n\t\t\t\t<div class=\"elementor-widget-container\">\n\t\t\t\t\t\t\t\t\t\t\t\t\t\t\t<img loading=\"lazy\" decoding=\"async\" width=\"1024\" height=\"872\" src=\"https:\/\/ene.com.ar\/wp-content\/uploads\/2024\/02\/peda4-1024x872.webp\" class=\"attachment-large size-large wp-image-1119\" alt=\"\" srcset=\"https:\/\/ene.com.ar\/wp-content\/uploads\/2024\/02\/peda4-1024x872.webp 1024w, https:\/\/ene.com.ar\/wp-content\/uploads\/2024\/02\/peda4-300x255.webp 300w, https:\/\/ene.com.ar\/wp-content\/uploads\/2024\/02\/peda4-768x654.webp 768w, https:\/\/ene.com.ar\/wp-content\/uploads\/2024\/02\/peda4-370x315.webp 370w, https:\/\/ene.com.ar\/wp-content\/uploads\/2024\/02\/peda4-840x715.webp 840w, https:\/\/ene.com.ar\/wp-content\/uploads\/2024\/02\/peda4-410x349.webp 410w, https:\/\/ene.com.ar\/wp-content\/uploads\/2024\/02\/peda4-600x511.webp 600w, https:\/\/ene.com.ar\/wp-content\/uploads\/2024\/02\/peda4.webp 1424w\" sizes=\"(max-width: 1024px) 100vw, 1024px\" \/>\t\t\t\t\t\t\t\t\t\t\t\t\t\t\t<\/div>\n\t\t\t\t<\/div>\n\t\t\t\t<div class=\"elementor-element elementor-element-4cdc4e2 animation_type_block sc_fly_static elementor-invisible elementor-widget elementor-widget-image\" data-id=\"4cdc4e2\" data-element_type=\"widget\" data-e-type=\"widget\" data-settings=\"{&quot;_animation&quot;:&quot;medeus-fadeinup&quot;,&quot;_animation_delay&quot;:140}\" data-widget_type=\"image.default\">\n\t\t\t\t<div class=\"elementor-widget-container\">\n\t\t\t\t\t\t\t\t\t\t\t\t\t\t\t<img loading=\"lazy\" decoding=\"async\" width=\"1024\" height=\"950\" src=\"https:\/\/ene.com.ar\/wp-content\/uploads\/2024\/02\/peda2-1024x950.webp\" class=\"attachment-large size-large wp-image-1117\" alt=\"\" srcset=\"https:\/\/ene.com.ar\/wp-content\/uploads\/2024\/02\/peda2-1024x950.webp 1024w, https:\/\/ene.com.ar\/wp-content\/uploads\/2024\/02\/peda2-300x278.webp 300w, https:\/\/ene.com.ar\/wp-content\/uploads\/2024\/02\/peda2-768x713.webp 768w, https:\/\/ene.com.ar\/wp-content\/uploads\/2024\/02\/peda2-370x343.webp 370w, https:\/\/ene.com.ar\/wp-content\/uploads\/2024\/02\/peda2-840x780.webp 840w, https:\/\/ene.com.ar\/wp-content\/uploads\/2024\/02\/peda2-410x380.webp 410w, https:\/\/ene.com.ar\/wp-content\/uploads\/2024\/02\/peda2-600x557.webp 600w, https:\/\/ene.com.ar\/wp-content\/uploads\/2024\/02\/peda2.webp 1334w\" sizes=\"(max-width: 1024px) 100vw, 1024px\" \/>\t\t\t\t\t\t\t\t\t\t\t\t\t\t\t<\/div>\n\t\t\t\t<\/div>\n\t\t\t\t<div class=\"elementor-element elementor-element-86f74cf animation_type_block sc_fly_static elementor-invisible elementor-widget elementor-widget-image\" data-id=\"86f74cf\" data-element_type=\"widget\" data-e-type=\"widget\" data-settings=\"{&quot;_animation&quot;:&quot;medeus-fadeinup&quot;,&quot;_animation_delay&quot;:140}\" data-widget_type=\"image.default\">\n\t\t\t\t<div class=\"elementor-widget-container\">\n\t\t\t\t\t\t\t\t\t\t\t\t\t\t\t<img loading=\"lazy\" decoding=\"async\" width=\"1024\" height=\"720\" src=\"https:\/\/ene.com.ar\/wp-content\/uploads\/2024\/02\/peda3-1024x720.webp\" class=\"attachment-large size-large wp-image-1118\" alt=\"\" srcset=\"https:\/\/ene.com.ar\/wp-content\/uploads\/2024\/02\/peda3-1024x720.webp 1024w, https:\/\/ene.com.ar\/wp-content\/uploads\/2024\/02\/peda3-300x211.webp 300w, https:\/\/ene.com.ar\/wp-content\/uploads\/2024\/02\/peda3-768x540.webp 768w, https:\/\/ene.com.ar\/wp-content\/uploads\/2024\/02\/peda3-370x260.webp 370w, https:\/\/ene.com.ar\/wp-content\/uploads\/2024\/02\/peda3-840x591.webp 840w, https:\/\/ene.com.ar\/wp-content\/uploads\/2024\/02\/peda3-410x288.webp 410w, https:\/\/ene.com.ar\/wp-content\/uploads\/2024\/02\/peda3-600x422.webp 600w, https:\/\/ene.com.ar\/wp-content\/uploads\/2024\/02\/peda3.webp 1260w\" sizes=\"(max-width: 1024px) 100vw, 1024px\" \/>\t\t\t\t\t\t\t\t\t\t\t\t\t\t\t<\/div>\n\t\t\t\t<\/div>\n\t\t\t\t<\/div>\n\t\t\t\t\t<\/div>\n\t\t\t\t<\/div>\n\t\t\t\t<\/div>\n\t\t","protected":false},"excerpt":{"rendered":"<p>PSICOPEDAGOGIA\u00a0 La terapia de psicopedagog\u00eda es un enfoque terap\u00e9utico que combina principios de la psicolog\u00eda y la pedagog\u00eda para abordar las dificultades de aprendizaje y desarrollo en ni\u00f1os, adolescentes y&hellip;<\/p>\n","protected":false},"author":1,"featured_media":0,"parent":13,"menu_order":0,"comment_status":"closed","ping_status":"closed","template":"","meta":{"_joinchat":[],"footnotes":""},"class_list":["post-568","page","type-page","status-publish","hentry"],"_links":{"self":[{"href":"https:\/\/ene.com.ar\/index.php\/wp-json\/wp\/v2\/pages\/568","targetHints":{"allow":["GET"]}}],"collection":[{"href":"https:\/\/ene.com.ar\/index.php\/wp-json\/wp\/v2\/pages"}],"about":[{"href":"https:\/\/ene.com.ar\/index.php\/wp-json\/wp\/v2\/types\/page"}],"author":[{"embeddable":true,"href":"https:\/\/ene.com.ar\/index.php\/wp-json\/wp\/v2\/users\/1"}],"replies":[{"embeddable":true,"href":"https:\/\/ene.com.ar\/index.php\/wp-json\/wp\/v2\/comments?post=568"}],"version-history":[{"count":19,"href":"https:\/\/ene.com.ar\/index.php\/wp-json\/wp\/v2\/pages\/568\/revisions"}],"predecessor-version":[{"id":1129,"href":"https:\/\/ene.com.ar\/index.php\/wp-json\/wp\/v2\/pages\/568\/revisions\/1129"}],"up":[{"embeddable":true,"href":"https:\/\/ene.com.ar\/index.php\/wp-json\/wp\/v2\/pages\/13"}],"wp:attachment":[{"href":"https:\/\/ene.com.ar\/index.php\/wp-json\/wp\/v2\/media?parent=568"}],"curies":[{"name":"wp","href":"https:\/\/api.w.org\/{rel}","templated":true}]}}