{"id":570,"date":"2024-02-23T23:12:02","date_gmt":"2024-02-24T02:12:02","guid":{"rendered":"https:\/\/ene.com.ar\/?page_id=570"},"modified":"2024-02-28T14:04:42","modified_gmt":"2024-02-28T17:04:42","slug":"psicomotricidad","status":"publish","type":"page","link":"https:\/\/ene.com.ar\/index.php\/terapias\/psicomotricidad\/","title":{"rendered":"PSICOMOTRICIDAD\u00a0"},"content":{"rendered":"\t\t<div data-elementor-type=\"wp-page\" data-elementor-id=\"570\" class=\"elementor elementor-570\">\n\t\t\t\t<div class=\"elementor-element elementor-element-1796c71 e-flex e-con-boxed sc_inner_width_none sc_layouts_column_icons_position_left e-con e-parent\" data-id=\"1796c71\" data-element_type=\"container\" data-e-type=\"container\">\n\t\t\t\t\t<div class=\"e-con-inner\">\n\t\t<div class=\"elementor-element elementor-element-b1fb8a0 e-con-full e-flex sc_inner_width_none sc_layouts_column_icons_position_left e-con e-child\" data-id=\"b1fb8a0\" data-element_type=\"container\" data-e-type=\"container\">\n\t\t\t\t<div class=\"elementor-element elementor-element-2b810ea animation_type_block sc_fly_static elementor-invisible elementor-widget elementor-widget-image\" data-id=\"2b810ea\" data-element_type=\"widget\" data-e-type=\"widget\" data-settings=\"{&quot;_animation&quot;:&quot;medeus-fadeinup&quot;}\" data-widget_type=\"image.default\">\n\t\t\t\t<div class=\"elementor-widget-container\">\n\t\t\t\t\t\t\t\t\t\t\t\t\t\t\t<img fetchpriority=\"high\" decoding=\"async\" width=\"1024\" height=\"1018\" src=\"https:\/\/ene.com.ar\/wp-content\/uploads\/2024\/02\/motri2-1024x1018.webp\" class=\"attachment-large size-large wp-image-1135\" alt=\"\" srcset=\"https:\/\/ene.com.ar\/wp-content\/uploads\/2024\/02\/motri2-1024x1018.webp 1024w, https:\/\/ene.com.ar\/wp-content\/uploads\/2024\/02\/motri2-300x298.webp 300w, https:\/\/ene.com.ar\/wp-content\/uploads\/2024\/02\/motri2-150x150.webp 150w, https:\/\/ene.com.ar\/wp-content\/uploads\/2024\/02\/motri2-768x764.webp 768w, https:\/\/ene.com.ar\/wp-content\/uploads\/2024\/02\/motri2-370x368.webp 370w, https:\/\/ene.com.ar\/wp-content\/uploads\/2024\/02\/motri2-120x120.webp 120w, https:\/\/ene.com.ar\/wp-content\/uploads\/2024\/02\/motri2-840x835.webp 840w, https:\/\/ene.com.ar\/wp-content\/uploads\/2024\/02\/motri2-410x408.webp 410w, https:\/\/ene.com.ar\/wp-content\/uploads\/2024\/02\/motri2-600x597.webp 600w, https:\/\/ene.com.ar\/wp-content\/uploads\/2024\/02\/motri2.webp 1082w\" sizes=\"(max-width: 1024px) 100vw, 1024px\" \/>\t\t\t\t\t\t\t\t\t\t\t\t\t\t\t<\/div>\n\t\t\t\t<\/div>\n\t\t\t\t<\/div>\n\t\t<div class=\"elementor-element elementor-element-7bf51e3 e-con-full e-flex sc_inner_width_none sc_layouts_column_icons_position_left e-con e-child\" data-id=\"7bf51e3\" data-element_type=\"container\" data-e-type=\"container\">\n\t\t\t\t<div class=\"elementor-element elementor-element-5d7a590 elementor-widget__width-initial animation_type_block sc_fly_static elementor-invisible elementor-widget elementor-widget-trx_sc_icons\" data-id=\"5d7a590\" data-element_type=\"widget\" data-e-type=\"widget\" data-settings=\"{&quot;_animation&quot;:&quot;medeus-fadeinup&quot;}\" data-widget_type=\"trx_sc_icons.default\">\n\t\t\t\t<div class=\"elementor-widget-container\">\n\t\t\t\t\t<div \tclass=\"sc_icons sc_icons_hover2 sc_icons_size_large sc_align_left\" ><div class=\"sc_icons_item\"><div class=\"sc_icons_icon sc_icon_type_ icon-child\" style=\"color: var(--e-global-color-accent)\" ><span class=\"sc_icon_type_ icon-child\" style=\"color: var(--e-global-color-accent)\"><\/span><\/div><div class=\"sc_icons_item_details\"><h4 class=\"sc_icons_item_title\" style=\"color:#0A1A3B;\"><span>PSICOMOTRICIDAD<\/span><\/h4><div class=\"sc_icons_item_description\"><span>La terapia de psicomotricidad es un enfoque terap\u00e9utico que se centra en el desarrollo global del individuo a trav\u00e9s del movimiento corporal y la expresi\u00f3n motora. Esta disciplina reconoce la estrecha relaci\u00f3n entre el cuerpo, la mente y las emociones, y trabaja para promover un desarrollo armonioso y equilibrado en todas estas \u00e1reas. Los psicomotricistas trabajan con ni\u00f1os, adolescentes y adultos para mejorar su coordinaci\u00f3n motora, equilibrio, percepci\u00f3n espacial, lateralidad, esquema corporal y otras habilidades relacionadas con el movimiento. Nuestros psicomotricistas realizan actividades l\u00fadicas, ejercicios f\u00edsicos y t\u00e9cnicas de expresi\u00f3n corporal para estimular el desarrollo motor y cognitivo del individuo.<\/span><\/div><\/div><\/div><\/div><!-- \/.sc_icons -->\t\t\t\t<\/div>\n\t\t\t\t<\/div>\n\t\t\t\t<\/div>\n\t\t\t\t\t<\/div>\n\t\t\t\t<\/div>\n\t\t<div class=\"elementor-element elementor-element-1570f5d e-flex e-con-boxed sc_inner_width_none sc_layouts_column_icons_position_left e-con e-parent\" data-id=\"1570f5d\" data-element_type=\"container\" data-e-type=\"container\">\n\t\t\t\t\t<div class=\"e-con-inner\">\n\t\t<div class=\"elementor-element elementor-element-b4aac90 e-con-full e-flex sc_inner_width_none sc_layouts_column_icons_position_left e-con e-child\" data-id=\"b4aac90\" data-element_type=\"container\" data-e-type=\"container\">\n\t\t\t\t<div class=\"elementor-element elementor-element-976564d animation_type_block sc_fly_static elementor-invisible elementor-widget elementor-widget-text-editor\" data-id=\"976564d\" data-element_type=\"widget\" data-e-type=\"widget\" data-settings=\"{&quot;_animation&quot;:&quot;medeus-fadeinup&quot;,&quot;_animation_delay&quot;:140}\" data-widget_type=\"text-editor.default\">\n\t\t\t\t<div class=\"elementor-widget-container\">\n\t\t\t\t\t\t\t\t\t<p>Adem\u00e1s de trabajar en el plano f\u00edsico, la terapia de psicomotricidad tambi\u00e9n aborda aspectos emocionales y sociales. Los psicomotricistas ayudan a los individuos a explorar y expresar sus emociones a trav\u00e9s del movimiento, fomentando as\u00ed el desarrollo de la autoestima, la confianza en s\u00ed mismos y las habilidades sociales. La terapia de psicomotricidad ofrece un enfoque hol\u00edstico para el desarrollo personal, utilizando el movimiento corporal como herramienta principal para mejorar el bienestar f\u00edsico, emocional y social de sus hijos.<\/p>\t\t\t\t\t\t\t\t<\/div>\n\t\t\t\t<\/div>\n\t\t\t\t<div class=\"elementor-element elementor-element-ea4dbd8 animation_type_block sc_fly_static elementor-invisible elementor-widget elementor-widget-image\" data-id=\"ea4dbd8\" data-element_type=\"widget\" data-e-type=\"widget\" data-settings=\"{&quot;_animation&quot;:&quot;medeus-fadeinup&quot;}\" data-widget_type=\"image.default\">\n\t\t\t\t<div class=\"elementor-widget-container\">\n\t\t\t\t\t\t\t\t\t\t\t\t\t\t\t<img decoding=\"async\" width=\"779\" height=\"1024\" src=\"https:\/\/ene.com.ar\/wp-content\/uploads\/2024\/02\/motri5-779x1024.webp\" class=\"attachment-large size-large wp-image-1138\" alt=\"\" srcset=\"https:\/\/ene.com.ar\/wp-content\/uploads\/2024\/02\/motri5-779x1024.webp 779w, https:\/\/ene.com.ar\/wp-content\/uploads\/2024\/02\/motri5-228x300.webp 228w, https:\/\/ene.com.ar\/wp-content\/uploads\/2024\/02\/motri5-768x1009.webp 768w, https:\/\/ene.com.ar\/wp-content\/uploads\/2024\/02\/motri5-370x486.webp 370w, https:\/\/ene.com.ar\/wp-content\/uploads\/2024\/02\/motri5-840x1104.webp 840w, https:\/\/ene.com.ar\/wp-content\/uploads\/2024\/02\/motri5-410x539.webp 410w, https:\/\/ene.com.ar\/wp-content\/uploads\/2024\/02\/motri5-600x789.webp 600w, https:\/\/ene.com.ar\/wp-content\/uploads\/2024\/02\/motri5.webp 1056w\" sizes=\"(max-width: 779px) 100vw, 779px\" \/>\t\t\t\t\t\t\t\t\t\t\t\t\t\t\t<\/div>\n\t\t\t\t<\/div>\n\t\t\t\t<div class=\"elementor-element elementor-element-fe311ca animation_type_block sc_fly_static elementor-invisible elementor-widget elementor-widget-image\" data-id=\"fe311ca\" data-element_type=\"widget\" data-e-type=\"widget\" data-settings=\"{&quot;_animation&quot;:&quot;medeus-fadeinup&quot;,&quot;_animation_delay&quot;:140}\" data-widget_type=\"image.default\">\n\t\t\t\t<div class=\"elementor-widget-container\">\n\t\t\t\t\t\t\t\t\t\t\t\t\t\t\t<img decoding=\"async\" width=\"1024\" height=\"1015\" src=\"https:\/\/ene.com.ar\/wp-content\/uploads\/2024\/02\/motri4-1024x1015.webp\" class=\"attachment-large size-large wp-image-1137\" alt=\"\" srcset=\"https:\/\/ene.com.ar\/wp-content\/uploads\/2024\/02\/motri4-1024x1015.webp 1024w, https:\/\/ene.com.ar\/wp-content\/uploads\/2024\/02\/motri4-300x297.webp 300w, https:\/\/ene.com.ar\/wp-content\/uploads\/2024\/02\/motri4-150x150.webp 150w, https:\/\/ene.com.ar\/wp-content\/uploads\/2024\/02\/motri4-768x761.webp 768w, https:\/\/ene.com.ar\/wp-content\/uploads\/2024\/02\/motri4-370x367.webp 370w, https:\/\/ene.com.ar\/wp-content\/uploads\/2024\/02\/motri4-120x120.webp 120w, https:\/\/ene.com.ar\/wp-content\/uploads\/2024\/02\/motri4-840x832.webp 840w, https:\/\/ene.com.ar\/wp-content\/uploads\/2024\/02\/motri4-410x406.webp 410w, https:\/\/ene.com.ar\/wp-content\/uploads\/2024\/02\/motri4-600x595.webp 600w, https:\/\/ene.com.ar\/wp-content\/uploads\/2024\/02\/motri4.webp 1114w\" sizes=\"(max-width: 1024px) 100vw, 1024px\" \/>\t\t\t\t\t\t\t\t\t\t\t\t\t\t\t<\/div>\n\t\t\t\t<\/div>\n\t\t\t\t<\/div>\n\t\t<div class=\"elementor-element elementor-element-36c0088 e-con-full e-flex sc_inner_width_none sc_layouts_column_icons_position_left e-con e-child\" data-id=\"36c0088\" data-element_type=\"container\" data-e-type=\"container\">\n\t\t\t\t<div class=\"elementor-element elementor-element-72c28b8 animation_type_block sc_fly_static elementor-invisible elementor-widget elementor-widget-image\" data-id=\"72c28b8\" data-element_type=\"widget\" data-e-type=\"widget\" data-settings=\"{&quot;_animation&quot;:&quot;medeus-fadeinup&quot;,&quot;_animation_delay&quot;:140}\" data-widget_type=\"image.default\">\n\t\t\t\t<div class=\"elementor-widget-container\">\n\t\t\t\t\t\t\t\t\t\t\t\t\t\t\t<img loading=\"lazy\" decoding=\"async\" width=\"894\" height=\"1024\" src=\"https:\/\/ene.com.ar\/wp-content\/uploads\/2024\/02\/motri3-894x1024.webp\" class=\"attachment-large size-large wp-image-1136\" alt=\"\" srcset=\"https:\/\/ene.com.ar\/wp-content\/uploads\/2024\/02\/motri3-894x1024.webp 894w, https:\/\/ene.com.ar\/wp-content\/uploads\/2024\/02\/motri3-262x300.webp 262w, https:\/\/ene.com.ar\/wp-content\/uploads\/2024\/02\/motri3-768x880.webp 768w, https:\/\/ene.com.ar\/wp-content\/uploads\/2024\/02\/motri3-370x424.webp 370w, https:\/\/ene.com.ar\/wp-content\/uploads\/2024\/02\/motri3-840x962.webp 840w, https:\/\/ene.com.ar\/wp-content\/uploads\/2024\/02\/motri3-410x470.webp 410w, https:\/\/ene.com.ar\/wp-content\/uploads\/2024\/02\/motri3-600x687.webp 600w, https:\/\/ene.com.ar\/wp-content\/uploads\/2024\/02\/motri3.webp 1044w\" sizes=\"(max-width: 894px) 100vw, 894px\" \/>\t\t\t\t\t\t\t\t\t\t\t\t\t\t\t<\/div>\n\t\t\t\t<\/div>\n\t\t\t\t<div class=\"elementor-element elementor-element-62f5cf3 animation_type_block sc_fly_static elementor-invisible elementor-widget elementor-widget-image\" data-id=\"62f5cf3\" data-element_type=\"widget\" data-e-type=\"widget\" data-settings=\"{&quot;_animation&quot;:&quot;medeus-fadeinup&quot;}\" data-widget_type=\"image.default\">\n\t\t\t\t<div class=\"elementor-widget-container\">\n\t\t\t\t\t\t\t\t\t\t\t\t\t\t\t<img loading=\"lazy\" decoding=\"async\" width=\"967\" height=\"1024\" src=\"https:\/\/ene.com.ar\/wp-content\/uploads\/2024\/02\/motri6-967x1024.webp\" class=\"attachment-large size-large wp-image-1139\" alt=\"\" srcset=\"https:\/\/ene.com.ar\/wp-content\/uploads\/2024\/02\/motri6-967x1024.webp 967w, https:\/\/ene.com.ar\/wp-content\/uploads\/2024\/02\/motri6-283x300.webp 283w, https:\/\/ene.com.ar\/wp-content\/uploads\/2024\/02\/motri6-768x813.webp 768w, https:\/\/ene.com.ar\/wp-content\/uploads\/2024\/02\/motri6-370x392.webp 370w, https:\/\/ene.com.ar\/wp-content\/uploads\/2024\/02\/motri6-840x890.webp 840w, https:\/\/ene.com.ar\/wp-content\/uploads\/2024\/02\/motri6-410x434.webp 410w, https:\/\/ene.com.ar\/wp-content\/uploads\/2024\/02\/motri6-600x635.webp 600w, https:\/\/ene.com.ar\/wp-content\/uploads\/2024\/02\/motri6.webp 1082w\" sizes=\"(max-width: 967px) 100vw, 967px\" \/>\t\t\t\t\t\t\t\t\t\t\t\t\t\t\t<\/div>\n\t\t\t\t<\/div>\n\t\t\t\t<\/div>\n\t\t\t\t\t<\/div>\n\t\t\t\t<\/div>\n\t\t\t\t<\/div>\n\t\t","protected":false},"excerpt":{"rendered":"<p>PSICOMOTRICIDAD La terapia de psicomotricidad es un enfoque terap\u00e9utico que se centra en el desarrollo global del individuo a trav\u00e9s del movimiento corporal y la expresi\u00f3n motora. Esta disciplina reconoce&hellip;<\/p>\n","protected":false},"author":1,"featured_media":0,"parent":13,"menu_order":0,"comment_status":"closed","ping_status":"closed","template":"","meta":{"_joinchat":[],"footnotes":""},"class_list":["post-570","page","type-page","status-publish","hentry"],"_links":{"self":[{"href":"https:\/\/ene.com.ar\/index.php\/wp-json\/wp\/v2\/pages\/570","targetHints":{"allow":["GET"]}}],"collection":[{"href":"https:\/\/ene.com.ar\/index.php\/wp-json\/wp\/v2\/pages"}],"about":[{"href":"https:\/\/ene.com.ar\/index.php\/wp-json\/wp\/v2\/types\/page"}],"author":[{"embeddable":true,"href":"https:\/\/ene.com.ar\/index.php\/wp-json\/wp\/v2\/users\/1"}],"replies":[{"embeddable":true,"href":"https:\/\/ene.com.ar\/index.php\/wp-json\/wp\/v2\/comments?post=570"}],"version-history":[{"count":13,"href":"https:\/\/ene.com.ar\/index.php\/wp-json\/wp\/v2\/pages\/570\/revisions"}],"predecessor-version":[{"id":1145,"href":"https:\/\/ene.com.ar\/index.php\/wp-json\/wp\/v2\/pages\/570\/revisions\/1145"}],"up":[{"embeddable":true,"href":"https:\/\/ene.com.ar\/index.php\/wp-json\/wp\/v2\/pages\/13"}],"wp:attachment":[{"href":"https:\/\/ene.com.ar\/index.php\/wp-json\/wp\/v2\/media?parent=570"}],"curies":[{"name":"wp","href":"https:\/\/api.w.org\/{rel}","templated":true}]}}