{"id":572,"date":"2024-02-23T23:12:30","date_gmt":"2024-02-24T02:12:30","guid":{"rendered":"https:\/\/ene.com.ar\/?page_id=572"},"modified":"2024-02-28T15:22:24","modified_gmt":"2024-02-28T18:22:24","slug":"taller-de-habilidades-sociales","status":"publish","type":"page","link":"https:\/\/ene.com.ar\/index.php\/terapias\/taller-de-habilidades-sociales\/","title":{"rendered":"TALLER DE HABILIDADES SOCIALES"},"content":{"rendered":"\t\t<div data-elementor-type=\"wp-page\" data-elementor-id=\"572\" class=\"elementor elementor-572\">\n\t\t\t\t<div class=\"elementor-element elementor-element-6f7c8df e-flex e-con-boxed sc_inner_width_none sc_layouts_column_icons_position_left e-con e-parent\" data-id=\"6f7c8df\" data-element_type=\"container\" data-e-type=\"container\">\n\t\t\t\t\t<div class=\"e-con-inner\">\n\t\t<div class=\"elementor-element elementor-element-244007e e-con-full e-flex sc_inner_width_none sc_layouts_column_icons_position_left e-con e-child\" data-id=\"244007e\" data-element_type=\"container\" data-e-type=\"container\">\n\t\t\t\t<div class=\"elementor-element elementor-element-c08ea33 animation_type_block sc_fly_static elementor-invisible elementor-widget elementor-widget-image\" data-id=\"c08ea33\" data-element_type=\"widget\" data-e-type=\"widget\" data-settings=\"{&quot;_animation&quot;:&quot;medeus-fadeinup&quot;}\" data-widget_type=\"image.default\">\n\t\t\t\t<div class=\"elementor-widget-container\">\n\t\t\t\t\t\t\t\t\t\t\t\t\t\t\t<img fetchpriority=\"high\" decoding=\"async\" width=\"1024\" height=\"963\" src=\"https:\/\/ene.com.ar\/wp-content\/uploads\/2024\/02\/OT4-2-1024x963.jpg\" class=\"attachment-large size-large wp-image-1206\" alt=\"\" srcset=\"https:\/\/ene.com.ar\/wp-content\/uploads\/2024\/02\/OT4-2-1024x963.jpg 1024w, https:\/\/ene.com.ar\/wp-content\/uploads\/2024\/02\/OT4-2-300x282.jpg 300w, https:\/\/ene.com.ar\/wp-content\/uploads\/2024\/02\/OT4-2-768x722.jpg 768w, https:\/\/ene.com.ar\/wp-content\/uploads\/2024\/02\/OT4-2-370x348.jpg 370w, https:\/\/ene.com.ar\/wp-content\/uploads\/2024\/02\/OT4-2-840x790.jpg 840w, https:\/\/ene.com.ar\/wp-content\/uploads\/2024\/02\/OT4-2-410x385.jpg 410w, https:\/\/ene.com.ar\/wp-content\/uploads\/2024\/02\/OT4-2-600x564.jpg 600w, https:\/\/ene.com.ar\/wp-content\/uploads\/2024\/02\/OT4-2.jpg 1170w\" sizes=\"(max-width: 1024px) 100vw, 1024px\" \/>\t\t\t\t\t\t\t\t\t\t\t\t\t\t\t<\/div>\n\t\t\t\t<\/div>\n\t\t\t\t<\/div>\n\t\t<div class=\"elementor-element elementor-element-a71a6cf e-con-full e-flex sc_inner_width_none sc_layouts_column_icons_position_left e-con e-child\" data-id=\"a71a6cf\" data-element_type=\"container\" data-e-type=\"container\">\n\t\t\t\t<div class=\"elementor-element elementor-element-45a31ff animation_type_block sc_fly_static elementor-invisible elementor-widget elementor-widget-trx_sc_icons\" data-id=\"45a31ff\" data-element_type=\"widget\" data-e-type=\"widget\" data-settings=\"{&quot;_animation&quot;:&quot;medeus-fadeinup&quot;}\" data-widget_type=\"trx_sc_icons.default\">\n\t\t\t\t<div class=\"elementor-widget-container\">\n\t\t\t\t\t<div \tclass=\"sc_icons sc_icons_hover2 sc_icons_size_large sc_align_left\" ><div class=\"sc_icons_item\"><div class=\"sc_icons_icon sc_icon_type_ icon-012-health-care\" style=\"color: var(--e-global-color-accent)\" ><span class=\"sc_icon_type_ icon-012-health-care\" style=\"color: var(--e-global-color-accent)\"><\/span><\/div><div class=\"sc_icons_item_details\"><h4 class=\"sc_icons_item_title\" style=\"color:#0A1A3B;\"><span>TALLER DE HABILIDADES SOCIALES<\/span><\/h4><div class=\"sc_icons_item_description\"><span>El taller de habilidades sociales est\u00e1 dise\u00f1ado para j\u00f3venes que enfrentan desaf\u00edos en su desarrollo y requieren herramientas efectivas para desenvolverse en diversos ambientes sociales. Durante el taller, los participantes tendr\u00e1n la oportunidad de aprender y practicar una variedad de habilidades que les permitir\u00e1n mejorar su capacidad para interactuar de manera positiva y efectiva con los dem\u00e1s.<\/span><\/div><\/div><\/div><\/div><!-- \/.sc_icons -->\t\t\t\t<\/div>\n\t\t\t\t<\/div>\n\t\t\t\t<\/div>\n\t\t\t\t\t<\/div>\n\t\t\t\t<\/div>\n\t\t<div class=\"elementor-element elementor-element-647c943 e-flex e-con-boxed sc_inner_width_none sc_layouts_column_icons_position_left e-con e-parent\" data-id=\"647c943\" data-element_type=\"container\" data-e-type=\"container\">\n\t\t\t\t\t<div class=\"e-con-inner\">\n\t\t<div class=\"elementor-element elementor-element-b28bba7 e-con-full e-flex sc_inner_width_none sc_layouts_column_icons_position_left e-con e-child\" data-id=\"b28bba7\" data-element_type=\"container\" data-e-type=\"container\">\n\t\t\t\t<div class=\"elementor-element elementor-element-c56664e animation_type_block sc_fly_static elementor-invisible elementor-widget elementor-widget-image\" data-id=\"c56664e\" data-element_type=\"widget\" data-e-type=\"widget\" data-settings=\"{&quot;_animation&quot;:&quot;medeus-fadeinup&quot;}\" data-widget_type=\"image.default\">\n\t\t\t\t<div class=\"elementor-widget-container\">\n\t\t\t\t\t\t\t\t\t\t\t\t\t\t\t<img decoding=\"async\" width=\"1024\" height=\"778\" src=\"https:\/\/ene.com.ar\/wp-content\/uploads\/2024\/02\/OT2-2-1024x778.jpg\" class=\"attachment-large size-large wp-image-1204\" alt=\"\" srcset=\"https:\/\/ene.com.ar\/wp-content\/uploads\/2024\/02\/OT2-2-1024x778.jpg 1024w, https:\/\/ene.com.ar\/wp-content\/uploads\/2024\/02\/OT2-2-300x228.jpg 300w, https:\/\/ene.com.ar\/wp-content\/uploads\/2024\/02\/OT2-2-768x584.jpg 768w, https:\/\/ene.com.ar\/wp-content\/uploads\/2024\/02\/OT2-2-370x281.jpg 370w, https:\/\/ene.com.ar\/wp-content\/uploads\/2024\/02\/OT2-2-840x638.jpg 840w, https:\/\/ene.com.ar\/wp-content\/uploads\/2024\/02\/OT2-2-410x312.jpg 410w, https:\/\/ene.com.ar\/wp-content\/uploads\/2024\/02\/OT2-2-600x456.jpg 600w, https:\/\/ene.com.ar\/wp-content\/uploads\/2024\/02\/OT2-2.jpg 1258w\" sizes=\"(max-width: 1024px) 100vw, 1024px\" \/>\t\t\t\t\t\t\t\t\t\t\t\t\t\t\t<\/div>\n\t\t\t\t<\/div>\n\t\t\t\t<div class=\"elementor-element elementor-element-5a5951a animation_type_block sc_fly_static elementor-invisible elementor-widget elementor-widget-text-editor\" data-id=\"5a5951a\" data-element_type=\"widget\" data-e-type=\"widget\" data-settings=\"{&quot;_animation&quot;:&quot;medeus-fadeinup&quot;,&quot;_animation_delay&quot;:140}\" data-widget_type=\"text-editor.default\">\n\t\t\t\t<div class=\"elementor-widget-container\">\n\t\t\t\t\t\t\t\t\t<p>El contenido del taller se enfoca en \u00e1reas clave de las habilidades sociales, tales como: Comunicaci\u00f3n efectiva: aprender\u00e1n t\u00e9cnicas para expresar sus ideas, opiniones y emociones de manera clara y respetuosa. Se abordar\u00e1n habilidades de escucha activa, formulaci\u00f3n de preguntas y expresi\u00f3n asertiva.<\/p>\t\t\t\t\t\t\t\t<\/div>\n\t\t\t\t<\/div>\n\t\t\t\t<div class=\"elementor-element elementor-element-cfae218 animation_type_block sc_fly_static elementor-invisible elementor-widget elementor-widget-image\" data-id=\"cfae218\" data-element_type=\"widget\" data-e-type=\"widget\" data-settings=\"{&quot;_animation&quot;:&quot;medeus-fadeinup&quot;,&quot;_animation_delay&quot;:140}\" data-widget_type=\"image.default\">\n\t\t\t\t<div class=\"elementor-widget-container\">\n\t\t\t\t\t\t\t\t\t\t\t\t\t\t\t<img decoding=\"async\" width=\"1024\" height=\"1006\" src=\"https:\/\/ene.com.ar\/wp-content\/uploads\/2024\/02\/OT3-2-1024x1006.jpg\" class=\"attachment-large size-large wp-image-1205\" alt=\"\" srcset=\"https:\/\/ene.com.ar\/wp-content\/uploads\/2024\/02\/OT3-2-1024x1006.jpg 1024w, https:\/\/ene.com.ar\/wp-content\/uploads\/2024\/02\/OT3-2-300x295.jpg 300w, https:\/\/ene.com.ar\/wp-content\/uploads\/2024\/02\/OT3-2-768x754.jpg 768w, https:\/\/ene.com.ar\/wp-content\/uploads\/2024\/02\/OT3-2-370x363.jpg 370w, https:\/\/ene.com.ar\/wp-content\/uploads\/2024\/02\/OT3-2-840x825.jpg 840w, https:\/\/ene.com.ar\/wp-content\/uploads\/2024\/02\/OT3-2-410x403.jpg 410w, https:\/\/ene.com.ar\/wp-content\/uploads\/2024\/02\/OT3-2-600x589.jpg 600w, https:\/\/ene.com.ar\/wp-content\/uploads\/2024\/02\/OT3-2.jpg 1120w\" sizes=\"(max-width: 1024px) 100vw, 1024px\" \/>\t\t\t\t\t\t\t\t\t\t\t\t\t\t\t<\/div>\n\t\t\t\t<\/div>\n\t\t\t\t<\/div>\n\t\t<div class=\"elementor-element elementor-element-1e10f64 e-con-full e-flex sc_inner_width_none sc_layouts_column_icons_position_left e-con e-child\" data-id=\"1e10f64\" data-element_type=\"container\" data-e-type=\"container\">\n\t\t\t\t<div class=\"elementor-element elementor-element-cdf4964 animation_type_block sc_fly_static elementor-invisible elementor-widget elementor-widget-text-editor\" data-id=\"cdf4964\" data-element_type=\"widget\" data-e-type=\"widget\" data-settings=\"{&quot;_animation&quot;:&quot;medeus-fadeinup&quot;,&quot;_animation_delay&quot;:140}\" data-widget_type=\"text-editor.default\">\n\t\t\t\t<div class=\"elementor-widget-container\">\n\t\t\t\t\t\t\t\t\t<p><strong>Habilidades de conversaci\u00f3n:<\/strong> practicar\u00e1n la iniciaci\u00f3n y mantenimiento de conversaciones, as\u00ed como la identificaci\u00f3n de temas adecuados para discutir en diferentes contextos sociales.<\/p><p><strong>Gesti\u00f3n de emociones:<\/strong> se trabajar\u00e1n estrategias para reconocer y regular las propias emociones, as\u00ed como para comprender las emociones de los dem\u00e1s y responder de manera emp\u00e1tica.<\/p><p><strong>Resoluci\u00f3n de conflictos:<\/strong> se ense\u00f1ar\u00e1n t\u00e9cnicas para resolver conflictos de manera constructiva, incluyendo la negociaci\u00f3n, el compromiso y la b\u00fasqueda de soluciones mutuamente satisfactorias.<\/p><p><strong>Habilidades de trabajo en equipo:<\/strong> se promover\u00e1 la colaboraci\u00f3n y la cooperaci\u00f3n a trav\u00e9s de actividades pr\u00e1cticas dise\u00f1adas para fomentar el trabajo en equipo y la construcci\u00f3n de relaciones positivas.<\/p>\t\t\t\t\t\t\t\t<\/div>\n\t\t\t\t<\/div>\n\t\t\t\t<div class=\"elementor-element elementor-element-23922dc animation_type_block sc_fly_static elementor-invisible elementor-widget elementor-widget-image\" data-id=\"23922dc\" data-element_type=\"widget\" data-e-type=\"widget\" data-settings=\"{&quot;_animation&quot;:&quot;medeus-fadeinup&quot;,&quot;_animation_delay&quot;:140}\" data-widget_type=\"image.default\">\n\t\t\t\t<div class=\"elementor-widget-container\">\n\t\t\t\t\t\t\t\t\t\t\t\t\t\t\t<img loading=\"lazy\" decoding=\"async\" width=\"1024\" height=\"990\" src=\"https:\/\/ene.com.ar\/wp-content\/uploads\/2024\/02\/OT1-2-1024x990.jpg\" class=\"attachment-large size-large wp-image-1203\" alt=\"\" srcset=\"https:\/\/ene.com.ar\/wp-content\/uploads\/2024\/02\/OT1-2-1024x990.jpg 1024w, https:\/\/ene.com.ar\/wp-content\/uploads\/2024\/02\/OT1-2-300x290.jpg 300w, https:\/\/ene.com.ar\/wp-content\/uploads\/2024\/02\/OT1-2-768x743.jpg 768w, https:\/\/ene.com.ar\/wp-content\/uploads\/2024\/02\/OT1-2-370x358.jpg 370w, https:\/\/ene.com.ar\/wp-content\/uploads\/2024\/02\/OT1-2-840x812.jpg 840w, https:\/\/ene.com.ar\/wp-content\/uploads\/2024\/02\/OT1-2-410x397.jpg 410w, https:\/\/ene.com.ar\/wp-content\/uploads\/2024\/02\/OT1-2-600x580.jpg 600w, https:\/\/ene.com.ar\/wp-content\/uploads\/2024\/02\/OT1-2.jpg 1156w\" sizes=\"(max-width: 1024px) 100vw, 1024px\" \/>\t\t\t\t\t\t\t\t\t\t\t\t\t\t\t<\/div>\n\t\t\t\t<\/div>\n\t\t\t\t<div class=\"elementor-element elementor-element-746bd6d animation_type_block sc_fly_static elementor-invisible elementor-widget elementor-widget-text-editor\" data-id=\"746bd6d\" data-element_type=\"widget\" data-e-type=\"widget\" data-settings=\"{&quot;_animation&quot;:&quot;medeus-fadeinup&quot;,&quot;_animation_delay&quot;:140}\" data-widget_type=\"text-editor.default\">\n\t\t\t\t<div class=\"elementor-widget-container\">\n\t\t\t\t\t\t\t\t\t<p>El taller se llevar\u00e1 a cabo en un ambiente seguro y de apoyo, donde los participantes podr\u00e1n experimentar el aprendizaje activo y recibir retroalimentaci\u00f3n constructiva de parte de los facilitadores y de sus pares.<\/p>\t\t\t\t\t\t\t\t<\/div>\n\t\t\t\t<\/div>\n\t\t\t\t<\/div>\n\t\t\t\t\t<\/div>\n\t\t\t\t<\/div>\n\t\t\t\t<\/div>\n\t\t","protected":false},"excerpt":{"rendered":"<p>TALLER DE HABILIDADES SOCIALES El taller de habilidades sociales est\u00e1 dise\u00f1ado para j\u00f3venes que enfrentan desaf\u00edos en su desarrollo y requieren herramientas efectivas para desenvolverse en diversos ambientes sociales. Durante&hellip;<\/p>\n","protected":false},"author":1,"featured_media":0,"parent":13,"menu_order":0,"comment_status":"closed","ping_status":"closed","template":"","meta":{"_joinchat":[],"footnotes":""},"class_list":["post-572","page","type-page","status-publish","hentry"],"_links":{"self":[{"href":"https:\/\/ene.com.ar\/index.php\/wp-json\/wp\/v2\/pages\/572","targetHints":{"allow":["GET"]}}],"collection":[{"href":"https:\/\/ene.com.ar\/index.php\/wp-json\/wp\/v2\/pages"}],"about":[{"href":"https:\/\/ene.com.ar\/index.php\/wp-json\/wp\/v2\/types\/page"}],"author":[{"embeddable":true,"href":"https:\/\/ene.com.ar\/index.php\/wp-json\/wp\/v2\/users\/1"}],"replies":[{"embeddable":true,"href":"https:\/\/ene.com.ar\/index.php\/wp-json\/wp\/v2\/comments?post=572"}],"version-history":[{"count":13,"href":"https:\/\/ene.com.ar\/index.php\/wp-json\/wp\/v2\/pages\/572\/revisions"}],"predecessor-version":[{"id":1209,"href":"https:\/\/ene.com.ar\/index.php\/wp-json\/wp\/v2\/pages\/572\/revisions\/1209"}],"up":[{"embeddable":true,"href":"https:\/\/ene.com.ar\/index.php\/wp-json\/wp\/v2\/pages\/13"}],"wp:attachment":[{"href":"https:\/\/ene.com.ar\/index.php\/wp-json\/wp\/v2\/media?parent=572"}],"curies":[{"name":"wp","href":"https:\/\/api.w.org\/{rel}","templated":true}]}}