{"id":574,"date":"2024-02-23T23:18:40","date_gmt":"2024-02-24T02:18:40","guid":{"rendered":"https:\/\/ene.com.ar\/?page_id=574"},"modified":"2024-02-28T14:56:24","modified_gmt":"2024-02-28T17:56:24","slug":"terapia-ocupacional","status":"publish","type":"page","link":"https:\/\/ene.com.ar\/index.php\/terapias\/terapia-ocupacional\/","title":{"rendered":"TERAPIA OCUPACIONAL"},"content":{"rendered":"\t\t<div data-elementor-type=\"wp-page\" data-elementor-id=\"574\" class=\"elementor elementor-574\">\n\t\t\t\t<div class=\"elementor-element elementor-element-caf66c6 e-flex e-con-boxed sc_inner_width_none sc_layouts_column_icons_position_left e-con e-parent\" data-id=\"caf66c6\" data-element_type=\"container\" data-e-type=\"container\">\n\t\t\t\t\t<div class=\"e-con-inner\">\n\t\t<div class=\"elementor-element elementor-element-eedf392 e-con-full e-flex sc_inner_width_none sc_layouts_column_icons_position_left e-con e-child\" data-id=\"eedf392\" data-element_type=\"container\" data-e-type=\"container\">\n\t\t\t\t<div class=\"elementor-element elementor-element-12d0ee2 animation_type_block sc_fly_static elementor-invisible elementor-widget elementor-widget-image\" data-id=\"12d0ee2\" data-element_type=\"widget\" data-e-type=\"widget\" data-settings=\"{&quot;_animation&quot;:&quot;medeus-fadeinup&quot;}\" data-widget_type=\"image.default\">\n\t\t\t\t<div class=\"elementor-widget-container\">\n\t\t\t\t\t\t\t\t\t\t\t\t\t\t\t<img fetchpriority=\"high\" decoding=\"async\" width=\"1024\" height=\"1022\" src=\"https:\/\/ene.com.ar\/wp-content\/uploads\/2024\/02\/OT2-1024x1022.jpg\" class=\"attachment-large size-large wp-image-1163\" alt=\"\" srcset=\"https:\/\/ene.com.ar\/wp-content\/uploads\/2024\/02\/OT2-1024x1022.jpg 1024w, https:\/\/ene.com.ar\/wp-content\/uploads\/2024\/02\/OT2-300x300.jpg 300w, https:\/\/ene.com.ar\/wp-content\/uploads\/2024\/02\/OT2-150x150.jpg 150w, https:\/\/ene.com.ar\/wp-content\/uploads\/2024\/02\/OT2-768x767.jpg 768w, https:\/\/ene.com.ar\/wp-content\/uploads\/2024\/02\/OT2-370x370.jpg 370w, https:\/\/ene.com.ar\/wp-content\/uploads\/2024\/02\/OT2-120x120.jpg 120w, https:\/\/ene.com.ar\/wp-content\/uploads\/2024\/02\/OT2-840x838.jpg 840w, https:\/\/ene.com.ar\/wp-content\/uploads\/2024\/02\/OT2-410x409.jpg 410w, https:\/\/ene.com.ar\/wp-content\/uploads\/2024\/02\/OT2-600x599.jpg 600w, https:\/\/ene.com.ar\/wp-content\/uploads\/2024\/02\/OT2.jpg 1118w\" sizes=\"(max-width: 1024px) 100vw, 1024px\" \/>\t\t\t\t\t\t\t\t\t\t\t\t\t\t\t<\/div>\n\t\t\t\t<\/div>\n\t\t\t\t<\/div>\n\t\t<div class=\"elementor-element elementor-element-98961d5 e-con-full e-flex sc_inner_width_none sc_layouts_column_icons_position_left e-con e-child\" data-id=\"98961d5\" data-element_type=\"container\" data-e-type=\"container\">\n\t\t\t\t<div class=\"elementor-element elementor-element-fc71084 animation_type_block sc_fly_static elementor-invisible elementor-widget elementor-widget-trx_sc_icons\" data-id=\"fc71084\" data-element_type=\"widget\" data-e-type=\"widget\" data-settings=\"{&quot;_animation&quot;:&quot;medeus-fadeinup&quot;}\" data-widget_type=\"trx_sc_icons.default\">\n\t\t\t\t<div class=\"elementor-widget-container\">\n\t\t\t\t\t<div \tclass=\"sc_icons sc_icons_hover2 sc_icons_size_large sc_align_left\" ><div class=\"sc_icons_item\"><div class=\"sc_icons_icon sc_icon_type_ icon-012-health-care\" style=\"color: var(--e-global-color-accent)\" ><span class=\"sc_icon_type_ icon-012-health-care\" style=\"color: var(--e-global-color-accent)\"><\/span><\/div><div class=\"sc_icons_item_details\"><h4 class=\"sc_icons_item_title\" style=\"color:#0A1A3B;\"><span>TERAPIA OCUPACIONAL<\/span><\/h4><div class=\"sc_icons_item_description\"><span>La terapia ocupacional es un enfoque terap\u00e9utico centrado en ayudar a las personas a participar en las actividades de la vida diaria de manera significativa y satisfactoria.  El objetivo principal de la terapia ocupacional es facilitar la participaci\u00f3n activa en actividades ocupacionales, como el autocuidado, la productividad y el ocio. Nuestros terapeutas ocupacionales ocupacionales eval\u00faan las habilidades y limitaciones de cada individuo y dise\u00f1an intervenciones personalizadas para abordar sus necesidades espec\u00edficas.<\/span><\/div><\/div><\/div><\/div><!-- \/.sc_icons -->\t\t\t\t<\/div>\n\t\t\t\t<\/div>\n\t\t\t\t<\/div>\n\t\t\t\t\t<\/div>\n\t\t\t\t<\/div>\n\t\t<div class=\"elementor-element elementor-element-749cc1a e-flex e-con-boxed sc_inner_width_none sc_layouts_column_icons_position_left e-con e-parent\" data-id=\"749cc1a\" data-element_type=\"container\" data-e-type=\"container\">\n\t\t\t\t\t<div class=\"e-con-inner\">\n\t\t<div class=\"elementor-element elementor-element-8bb3f02 e-con-full e-flex sc_inner_width_none sc_layouts_column_icons_position_left e-con e-child\" data-id=\"8bb3f02\" data-element_type=\"container\" data-e-type=\"container\">\n\t\t\t\t<div class=\"elementor-element elementor-element-edca549 animation_type_block sc_fly_static elementor-invisible elementor-widget elementor-widget-image\" data-id=\"edca549\" data-element_type=\"widget\" data-e-type=\"widget\" data-settings=\"{&quot;_animation&quot;:&quot;medeus-fadeinup&quot;,&quot;_animation_delay&quot;:140}\" data-widget_type=\"image.default\">\n\t\t\t\t<div class=\"elementor-widget-container\">\n\t\t\t\t\t\t\t\t\t\t\t\t\t\t\t<img decoding=\"async\" width=\"793\" height=\"1024\" src=\"https:\/\/ene.com.ar\/wp-content\/uploads\/2024\/02\/OT3-793x1024.jpg\" class=\"attachment-large size-large wp-image-1164\" alt=\"\" srcset=\"https:\/\/ene.com.ar\/wp-content\/uploads\/2024\/02\/OT3-793x1024.jpg 793w, https:\/\/ene.com.ar\/wp-content\/uploads\/2024\/02\/OT3-232x300.jpg 232w, https:\/\/ene.com.ar\/wp-content\/uploads\/2024\/02\/OT3-768x992.jpg 768w, https:\/\/ene.com.ar\/wp-content\/uploads\/2024\/02\/OT3-370x478.jpg 370w, https:\/\/ene.com.ar\/wp-content\/uploads\/2024\/02\/OT3-840x1085.jpg 840w, https:\/\/ene.com.ar\/wp-content\/uploads\/2024\/02\/OT3-410x529.jpg 410w, https:\/\/ene.com.ar\/wp-content\/uploads\/2024\/02\/OT3-600x775.jpg 600w, https:\/\/ene.com.ar\/wp-content\/uploads\/2024\/02\/OT3.jpg 900w\" sizes=\"(max-width: 793px) 100vw, 793px\" \/>\t\t\t\t\t\t\t\t\t\t\t\t\t\t\t<\/div>\n\t\t\t\t<\/div>\n\t\t\t\t<div class=\"elementor-element elementor-element-1b86387 animation_type_block sc_fly_static elementor-invisible elementor-widget elementor-widget-text-editor\" data-id=\"1b86387\" data-element_type=\"widget\" data-e-type=\"widget\" data-settings=\"{&quot;_animation&quot;:&quot;medeus-fadeinup&quot;,&quot;_animation_delay&quot;:140}\" data-widget_type=\"text-editor.default\">\n\t\t\t\t<div class=\"elementor-widget-container\">\n\t\t\t\t\t\t\t\t\t<p>Estas intervenciones pueden incluir la ense\u00f1anza de t\u00e9cnicas de adaptaci\u00f3n, el uso de dispositivos de asistencia, la modificaci\u00f3n del entorno, la pr\u00e1ctica de habilidades motoras y cognitivas, y la promoci\u00f3n de estrategias para mejorar la independencia y la calidad de vida. Se trabaja en estrecha colaboraci\u00f3n con otros profesionales de la salud y con los familiares del paciente para garantizar un enfoque integral y coordinado del tratamiento. La terapia ocupacional ofrece un enfoque hol\u00edstico y centrado en el ni\u00f1o para mejorar la funcionalidad y la calidad de vida de las personas, ayud\u00e1ndolas a alcanzar sus metas y participar plenamente en la vida cotidiana.<\/p>\t\t\t\t\t\t\t\t<\/div>\n\t\t\t\t<\/div>\n\t\t\t\t<div class=\"elementor-element elementor-element-b2e300b animation_type_block sc_fly_static elementor-invisible elementor-widget elementor-widget-image\" data-id=\"b2e300b\" data-element_type=\"widget\" data-e-type=\"widget\" data-settings=\"{&quot;_animation&quot;:&quot;medeus-fadeinup&quot;}\" data-widget_type=\"image.default\">\n\t\t\t\t<div class=\"elementor-widget-container\">\n\t\t\t\t\t\t\t\t\t\t\t\t\t\t\t<img decoding=\"async\" width=\"762\" height=\"1024\" src=\"https:\/\/ene.com.ar\/wp-content\/uploads\/2024\/02\/OT1-762x1024.jpg\" class=\"attachment-large size-large wp-image-1162\" alt=\"\" srcset=\"https:\/\/ene.com.ar\/wp-content\/uploads\/2024\/02\/OT1-762x1024.jpg 762w, https:\/\/ene.com.ar\/wp-content\/uploads\/2024\/02\/OT1-223x300.jpg 223w, https:\/\/ene.com.ar\/wp-content\/uploads\/2024\/02\/OT1-768x1031.jpg 768w, https:\/\/ene.com.ar\/wp-content\/uploads\/2024\/02\/OT1-370x497.jpg 370w, https:\/\/ene.com.ar\/wp-content\/uploads\/2024\/02\/OT1-840x1128.jpg 840w, https:\/\/ene.com.ar\/wp-content\/uploads\/2024\/02\/OT1-410x551.jpg 410w, https:\/\/ene.com.ar\/wp-content\/uploads\/2024\/02\/OT1-600x806.jpg 600w, https:\/\/ene.com.ar\/wp-content\/uploads\/2024\/02\/OT1.jpg 1108w\" sizes=\"(max-width: 762px) 100vw, 762px\" \/>\t\t\t\t\t\t\t\t\t\t\t\t\t\t\t<\/div>\n\t\t\t\t<\/div>\n\t\t\t\t<\/div>\n\t\t<div class=\"elementor-element elementor-element-d24b014 e-con-full e-flex sc_inner_width_none sc_layouts_column_icons_position_left e-con e-child\" data-id=\"d24b014\" data-element_type=\"container\" data-e-type=\"container\">\n\t\t\t\t<div class=\"elementor-element elementor-element-cc543c5 animation_type_block sc_fly_static elementor-invisible elementor-widget elementor-widget-image\" data-id=\"cc543c5\" data-element_type=\"widget\" data-e-type=\"widget\" data-settings=\"{&quot;_animation&quot;:&quot;medeus-fadeinup&quot;}\" data-widget_type=\"image.default\">\n\t\t\t\t<div class=\"elementor-widget-container\">\n\t\t\t\t\t\t\t\t\t\t\t\t\t\t\t<img loading=\"lazy\" decoding=\"async\" width=\"907\" height=\"1024\" src=\"https:\/\/ene.com.ar\/wp-content\/uploads\/2024\/02\/OT6-907x1024.jpg\" class=\"attachment-large size-large wp-image-1167\" alt=\"\" srcset=\"https:\/\/ene.com.ar\/wp-content\/uploads\/2024\/02\/OT6-907x1024.jpg 907w, https:\/\/ene.com.ar\/wp-content\/uploads\/2024\/02\/OT6-266x300.jpg 266w, https:\/\/ene.com.ar\/wp-content\/uploads\/2024\/02\/OT6-768x867.jpg 768w, https:\/\/ene.com.ar\/wp-content\/uploads\/2024\/02\/OT6-370x418.jpg 370w, https:\/\/ene.com.ar\/wp-content\/uploads\/2024\/02\/OT6-840x948.jpg 840w, https:\/\/ene.com.ar\/wp-content\/uploads\/2024\/02\/OT6-410x463.jpg 410w, https:\/\/ene.com.ar\/wp-content\/uploads\/2024\/02\/OT6-600x677.jpg 600w, https:\/\/ene.com.ar\/wp-content\/uploads\/2024\/02\/OT6.jpg 946w\" sizes=\"(max-width: 907px) 100vw, 907px\" \/>\t\t\t\t\t\t\t\t\t\t\t\t\t\t\t<\/div>\n\t\t\t\t<\/div>\n\t\t\t\t<div class=\"elementor-element elementor-element-7c3beb1 animation_type_block sc_fly_static elementor-invisible elementor-widget elementor-widget-image\" data-id=\"7c3beb1\" data-element_type=\"widget\" data-e-type=\"widget\" data-settings=\"{&quot;_animation&quot;:&quot;medeus-fadeinup&quot;,&quot;_animation_delay&quot;:140}\" data-widget_type=\"image.default\">\n\t\t\t\t<div class=\"elementor-widget-container\">\n\t\t\t\t\t\t\t\t\t\t\t\t\t\t\t<img loading=\"lazy\" decoding=\"async\" width=\"767\" height=\"1024\" src=\"https:\/\/ene.com.ar\/wp-content\/uploads\/2024\/02\/OT4-767x1024.jpg\" class=\"attachment-large size-large wp-image-1165\" alt=\"\" srcset=\"https:\/\/ene.com.ar\/wp-content\/uploads\/2024\/02\/OT4-767x1024.jpg 767w, https:\/\/ene.com.ar\/wp-content\/uploads\/2024\/02\/OT4-225x300.jpg 225w, https:\/\/ene.com.ar\/wp-content\/uploads\/2024\/02\/OT4-768x1026.jpg 768w, https:\/\/ene.com.ar\/wp-content\/uploads\/2024\/02\/OT4-370x493.jpg 370w, https:\/\/ene.com.ar\/wp-content\/uploads\/2024\/02\/OT4-840x1122.jpg 840w, https:\/\/ene.com.ar\/wp-content\/uploads\/2024\/02\/OT4-410x548.jpg 410w, https:\/\/ene.com.ar\/wp-content\/uploads\/2024\/02\/OT4-600x801.jpg 600w, https:\/\/ene.com.ar\/wp-content\/uploads\/2024\/02\/OT4.jpg 954w\" sizes=\"(max-width: 767px) 100vw, 767px\" \/>\t\t\t\t\t\t\t\t\t\t\t\t\t\t\t<\/div>\n\t\t\t\t<\/div>\n\t\t\t\t<div class=\"elementor-element elementor-element-2252564 animation_type_block sc_fly_static elementor-invisible elementor-widget elementor-widget-image\" data-id=\"2252564\" data-element_type=\"widget\" data-e-type=\"widget\" data-settings=\"{&quot;_animation&quot;:&quot;medeus-fadeinup&quot;,&quot;_animation_delay&quot;:140}\" data-widget_type=\"image.default\">\n\t\t\t\t<div class=\"elementor-widget-container\">\n\t\t\t\t\t\t\t\t\t\t\t\t\t\t\t<img loading=\"lazy\" decoding=\"async\" width=\"740\" height=\"1024\" src=\"https:\/\/ene.com.ar\/wp-content\/uploads\/2024\/02\/OT5-740x1024.jpg\" class=\"attachment-large size-large wp-image-1166\" alt=\"\" srcset=\"https:\/\/ene.com.ar\/wp-content\/uploads\/2024\/02\/OT5-740x1024.jpg 740w, https:\/\/ene.com.ar\/wp-content\/uploads\/2024\/02\/OT5-217x300.jpg 217w, https:\/\/ene.com.ar\/wp-content\/uploads\/2024\/02\/OT5-768x1063.jpg 768w, https:\/\/ene.com.ar\/wp-content\/uploads\/2024\/02\/OT5-370x512.jpg 370w, https:\/\/ene.com.ar\/wp-content\/uploads\/2024\/02\/OT5-840x1163.jpg 840w, https:\/\/ene.com.ar\/wp-content\/uploads\/2024\/02\/OT5-410x568.jpg 410w, https:\/\/ene.com.ar\/wp-content\/uploads\/2024\/02\/OT5-600x831.jpg 600w, https:\/\/ene.com.ar\/wp-content\/uploads\/2024\/02\/OT5.jpg 1040w\" sizes=\"(max-width: 740px) 100vw, 740px\" \/>\t\t\t\t\t\t\t\t\t\t\t\t\t\t\t<\/div>\n\t\t\t\t<\/div>\n\t\t\t\t<\/div>\n\t\t\t\t\t<\/div>\n\t\t\t\t<\/div>\n\t\t\t\t<\/div>\n\t\t","protected":false},"excerpt":{"rendered":"<p>TERAPIA OCUPACIONAL La terapia ocupacional es un enfoque terap\u00e9utico centrado en ayudar a las personas a participar en las actividades de la vida diaria de manera significativa y satisfactoria. El&hellip;<\/p>\n","protected":false},"author":1,"featured_media":0,"parent":13,"menu_order":0,"comment_status":"closed","ping_status":"closed","template":"","meta":{"_joinchat":[],"footnotes":""},"class_list":["post-574","page","type-page","status-publish","hentry"],"_links":{"self":[{"href":"https:\/\/ene.com.ar\/index.php\/wp-json\/wp\/v2\/pages\/574","targetHints":{"allow":["GET"]}}],"collection":[{"href":"https:\/\/ene.com.ar\/index.php\/wp-json\/wp\/v2\/pages"}],"about":[{"href":"https:\/\/ene.com.ar\/index.php\/wp-json\/wp\/v2\/types\/page"}],"author":[{"embeddable":true,"href":"https:\/\/ene.com.ar\/index.php\/wp-json\/wp\/v2\/users\/1"}],"replies":[{"embeddable":true,"href":"https:\/\/ene.com.ar\/index.php\/wp-json\/wp\/v2\/comments?post=574"}],"version-history":[{"count":13,"href":"https:\/\/ene.com.ar\/index.php\/wp-json\/wp\/v2\/pages\/574\/revisions"}],"predecessor-version":[{"id":1180,"href":"https:\/\/ene.com.ar\/index.php\/wp-json\/wp\/v2\/pages\/574\/revisions\/1180"}],"up":[{"embeddable":true,"href":"https:\/\/ene.com.ar\/index.php\/wp-json\/wp\/v2\/pages\/13"}],"wp:attachment":[{"href":"https:\/\/ene.com.ar\/index.php\/wp-json\/wp\/v2\/media?parent=574"}],"curies":[{"name":"wp","href":"https:\/\/api.w.org\/{rel}","templated":true}]}}